{"id":727,"date":"2021-10-25T08:58:29","date_gmt":"2021-10-25T01:58:29","guid":{"rendered":"https:\/\/luxtinsol.com\/?page_id=727"},"modified":"2025-06-11T09:23:51","modified_gmt":"2025-06-11T02:23:51","slug":"de-mat-da-vuong-cat-canh","status":"publish","type":"page","link":"https:\/\/luxtinsol.com\/index.php\/de-du\/de-mat-da-vuong-cat-canh\/","title":{"rendered":"\u0110\u1ebf m\u1eb7t \u0111\u00e1 vu\u00f4ng c\u1eaft c\u1ea1nh"},"content":{"rendered":"\t<section class=\"section\" id=\"section_2101813720\">\n\t\t<div class=\"bg section-bg fill bg-fill  bg-loaded\" >\n\n\t\t\t\n\t\t\t\n\t\t\t\n\n\t\t<\/div>\n\n\t\t<div class=\"section-content relative\">\n\t\t\t\n<p style=\"text-align: center;\"><strong><span style=\"font-family: 'times new roman', times, serif; font-size: 110%;\">\u0110\u1ebe M\u1eb6T \u0110\u00c1 CAO C\u1ea4P VU\u00d4NG C\u1eaeT C\u1ea0NH<\/span><\/strong><\/p>\n<div class=\"row align-middle align-center\"  id=\"row-1261996224\">\n\n\t<div id=\"col-202240027\" class=\"col small-12 large-12\"  >\n\t\t<div class=\"col-inner text-center\"  >\n\t\t\t\n\t<div class=\"is-border\"\n\t\tstyle=\"border-width:0px 0px 0px 0px;\">\n\t<\/div>\n\t\t\t\n\n  \n    <div class=\"row large-columns-4 medium-columns-3 small-columns-2\">\n          <div class=\"gallery-col col\" >\n          <div class=\"col-inner\">\n            <a class=\"image-lightbox lightbox-gallery\" href=\"https:\/\/luxtinsol.com\/wp-content\/uploads\/2021\/10\/z2887857816338_ed2bb9757d3386fc77c6ed7e95238b2a.jpg\" title=\"\">            <div class=\"box has-hover gallery-box box-overlay dark\">\n              <div class=\"box-image image-zoom\" >\n                <img loading=\"lazy\" decoding=\"async\" width=\"300\" height=\"300\" src=\"https:\/\/luxtinsol.com\/wp-content\/uploads\/2021\/10\/z2887857816338_ed2bb9757d3386fc77c6ed7e95238b2a-300x300.jpg\" class=\"attachment-medium size-medium\" alt=\"\u0111\u00e1 granit\" ids=\"1113,1239,1241\" image_hover=\"zoom\" text_align=\"center\" srcset=\"https:\/\/luxtinsol.com\/wp-content\/uploads\/2021\/10\/z2887857816338_ed2bb9757d3386fc77c6ed7e95238b2a-300x300.jpg 300w, https:\/\/luxtinsol.com\/wp-content\/uploads\/2021\/10\/z2887857816338_ed2bb9757d3386fc77c6ed7e95238b2a-150x150.jpg 150w, https:\/\/luxtinsol.com\/wp-content\/uploads\/2021\/10\/z2887857816338_ed2bb9757d3386fc77c6ed7e95238b2a.jpg 696w\" sizes=\"auto, (max-width: 300px) 100vw, 300px\" \/>                                  <div class=\"overlay fill\"\n                      style=\"background-color: rgba(0,0,0,.15)\">\n                  <\/div>\n                                                              <\/div>\n              <div class=\"box-text text-center\" >\n                 <p><\/p>\n              <\/div>\n            <\/div>\n            <\/a>          <\/div>\n         <\/div>\n                 <div class=\"gallery-col col\" >\n          <div class=\"col-inner\">\n            <a class=\"image-lightbox lightbox-gallery\" href=\"https:\/\/luxtinsol.com\/wp-content\/uploads\/2021\/10\/z2887914658334_aa6f08437b2572ecf8b1002c82d92c49.jpg\" title=\"\">            <div class=\"box has-hover gallery-box box-overlay dark\">\n              <div class=\"box-image image-zoom\" >\n                <img loading=\"lazy\" decoding=\"async\" width=\"300\" height=\"300\" src=\"https:\/\/luxtinsol.com\/wp-content\/uploads\/2021\/10\/z2887914658334_aa6f08437b2572ecf8b1002c82d92c49-300x300.jpg\" class=\"attachment-medium size-medium\" alt=\"\u0111\u00e1 granit\" ids=\"1113,1239,1241\" image_hover=\"zoom\" text_align=\"center\" srcset=\"https:\/\/luxtinsol.com\/wp-content\/uploads\/2021\/10\/z2887914658334_aa6f08437b2572ecf8b1002c82d92c49-300x300.jpg 300w, https:\/\/luxtinsol.com\/wp-content\/uploads\/2021\/10\/z2887914658334_aa6f08437b2572ecf8b1002c82d92c49-150x150.jpg 150w, https:\/\/luxtinsol.com\/wp-content\/uploads\/2021\/10\/z2887914658334_aa6f08437b2572ecf8b1002c82d92c49.jpg 763w\" sizes=\"auto, (max-width: 300px) 100vw, 300px\" \/>                                  <div class=\"overlay fill\"\n                      style=\"background-color: rgba(0,0,0,.15)\">\n                  <\/div>\n                                                              <\/div>\n              <div class=\"box-text text-center\" >\n                 <p><\/p>\n              <\/div>\n            <\/div>\n            <\/a>          <\/div>\n         <\/div>\n         <\/div>\n\t\t<\/div>\n\t\t\t<\/div>\n\n\t\n<\/div>\n<p style=\"text-align: center;\"><span style=\"font-family: 'times new roman', times, serif; font-size: 105%;\"><em>\u0110\u1ebf d\u00f9 che n\u1eafng n\u00e0y \u0111\u01b0\u1ee3c l\u00e0m b\u1eb1ng \u0111\u00e1 Granit \u1edf b\u1ec1 m\u1eb7t v\u00e0 \u0111\u1ed5 b\u00ea-t\u00f4ng v\u1edbi h\u00ecnh d\u00e1ng vu\u00f4ng c\u00f3 c\u1eaft c\u00e1c g\u00f3c, k\u1ebft h\u1ee3p v\u1edbi \u1ed1ng tr\u1ee5 v\u00e0 n\u00fam v\u1eb7n b\u1eb1ng inox 304 b\u00f3ng g\u01b0\u01a1ng.<\/em><\/span><\/p>\n<div class=\"text-center\"><\/div>\n<div class=\"text-center\"><\/div>\n<div class=\"text-center\"><div class=\"is-divider divider clearfix\" style=\"max-width:100px;height:4px;background-color:rgb(0, 146, 191);\"><\/div><\/div>\n<div class=\"row\"  id=\"row-121771225\">\n\n\t<div id=\"col-1344479602\" class=\"col small-12 large-12\"  >\n\t\t<div class=\"col-inner\"  >\n\t\t\t\n\t\t\t\n<p style=\"text-align: center;\"><strong><span style=\"font-family: 'times new roman', times, serif; font-size: 105%;\">TR\u1eccNG L\u01af\u1ee2NG V\u00c0 K\u00cdCH TH\u01af\u1edaC<\/span><\/strong><\/p>\n\t\t<\/div>\n\t\t\t<\/div>\n\n\t\n<\/div>\n<div class=\"row align-center\"  id=\"row-517270304\">\n\n\t<div id=\"col-463994623\" class=\"col medium-3 small-6 large-3\"  >\n\t\t<div class=\"col-inner\"  >\n\t\t\t\n\t\t\t\n<p style=\"text-align: center;\"><em><span style=\"font-family: 'times new roman', times, serif; font-size: 100%;\">TR\u1eccNG L\u01af\u1ee2NG:<\/span><\/em><\/p>\n<p style=\"text-align: center;\"><em><span style=\"font-family: 'times new roman', times, serif; font-size: 100%;\">40Kg<\/span><\/em><\/p>\n<p style=\"text-align: center;\"><em><span style=\"font-family: 'times new roman', times, serif; font-size: 100%;\">70Kg<\/span><\/em><\/p>\n\t\t<\/div>\n\t\t\t<\/div>\n\n\t\n\n\t<div id=\"col-879763677\" class=\"col medium-3 small-6 large-3\"  >\n\t\t<div class=\"col-inner\"  >\n\t\t\t\n\t\t\t\n<p style=\"text-align: center;\"><em><span style=\"font-family: 'times new roman', times, serif; font-size: 100%;\">K\u00cdCH TH\u01af\u1edaC:<\/span><\/em><\/p>\n<p style=\"text-align: center;\"><em><span style=\"font-family: 'times new roman', times, serif; font-size: 100%;\">60cm x 60cm x 10cm<\/span><\/em><\/p>\n<p style=\"text-align: center;\"><span style=\"font-family: 'times new roman', times, serif;\">70cm x 70cm x 10cm<\/span><\/p>\n\t\t<\/div>\n\t\t\t<\/div>\n\n\t\n<\/div>\n\t\t<\/div>\n\n\t\t\n<style>\n#section_2101813720 {\n  padding-top: 30px;\n  padding-bottom: 30px;\n  background-color: rgb(255,255,255);\n}\n<\/style>\n\t<\/section>\n\t\n\t<section class=\"section dark\" id=\"section_1740264363\">\n\t\t<div class=\"bg section-bg fill bg-fill  bg-loaded\" >\n\n\t\t\t\n\t\t\t\n\t\t\t\n\n\t\t<\/div>\n\n\t\t<div class=\"section-content relative\">\n\t\t\t\n<div class=\"row row-small\"  id=\"row-1103034434\">\n\n\t<div id=\"col-1247367390\" class=\"col small-12 large-12\"  >\n\t\t<div class=\"col-inner text-center\"  >\n\t\t\t\n\t\t\t\n<div class=\"is-divider divider clearfix\" style=\"max-width:100px;height:4px;background-color:rgb(255, 255, 255);\"><\/div>\n<p><strong><span style=\"font-family: 'times new roman', times, serif; font-size: 110%;\">LI\u00caN H\u1ec6 V\u1edaI CH\u00daNG T\u00d4I<\/span><\/strong><\/p>\n\t\t<\/div>\n\t\t\t<\/div>\n\n\t\n<\/div>\n<div class=\"row\"  id=\"row-996490704\">\n\n\t<div id=\"col-61967168\" class=\"col medium-3 small-6 large-3\"  >\n\t\t<div class=\"col-inner\"  >\n\t\t\t\n\t\t\t\n\n\t\t<div class=\"icon-box featured-box icon-box-center text-center\"  >\n\t\t\t\t\t<div class=\"icon-box-img\" style=\"width: 60px\">\n\t\t\t\t<div class=\"icon\">\n\t\t\t\t\t<div class=\"icon-inner\" style=\"color:rgb(255, 255, 255);\">\n\t\t\t\t\t\t<img loading=\"lazy\" decoding=\"async\" width=\"300\" height=\"300\" src=\"https:\/\/luxtinsol.com\/wp-content\/uploads\/2022\/01\/info-icon-300x300.png\" class=\"attachment-medium size-medium\" alt=\"\" srcset=\"https:\/\/luxtinsol.com\/wp-content\/uploads\/2022\/01\/info-icon-300x300.png 300w, https:\/\/luxtinsol.com\/wp-content\/uploads\/2022\/01\/info-icon-1024x1024.png 1024w, https:\/\/luxtinsol.com\/wp-content\/uploads\/2022\/01\/info-icon-150x150.png 150w, https:\/\/luxtinsol.com\/wp-content\/uploads\/2022\/01\/info-icon-768x768.png 768w, https:\/\/luxtinsol.com\/wp-content\/uploads\/2022\/01\/info-icon-1536x1536.png 1536w, https:\/\/luxtinsol.com\/wp-content\/uploads\/2022\/01\/info-icon-2048x2048.png 2048w\" sizes=\"auto, (max-width: 300px) 100vw, 300px\" \/>\t\t\t\t\t<\/div>\n\t\t\t\t<\/div>\n\t\t\t<\/div>\n\t\t\t\t<div class=\"icon-box-text last-reset\">\n\t\t\t\t\t\t\t\t\t\n<p><span style=\"font-size: 90%;\"><strong><span style=\"font-family: 'times new roman', times, serif;\">C\u00f4ng ty TNHH SX-TM D\u00f9 Qu\u1ed1c T\u00edn<\/span><\/strong><\/span><\/p>\n<p><span style=\"font-size: 90%;\"><strong><span style=\"font-family: 'times new roman', times, serif;\">MST: 0310880555<\/span><\/strong><\/span><\/p>\n\t\t<\/div>\n\t<\/div>\n\t\n\t\n\t\t<\/div>\n\t\t\t<\/div>\n\n\t\n\n\t<div id=\"col-2138103337\" class=\"col medium-3 small-6 large-3\"  >\n\t\t<div class=\"col-inner\"  >\n\t\t\t\n\t\t\t\n\n\t\t<div class=\"icon-box featured-box icon-box-center text-center\"  >\n\t\t\t\t\t<div class=\"icon-box-img\" style=\"width: 60px\">\n\t\t\t\t<div class=\"icon\">\n\t\t\t\t\t<div class=\"icon-inner\" >\n\t\t\t\t\t\t<img loading=\"lazy\" decoding=\"async\" width=\"120\" height=\"120\" src=\"https:\/\/luxtinsol.com\/wp-content\/uploads\/2021\/10\/mail-line.png\" class=\"attachment-medium size-medium\" alt=\"\" \/>\t\t\t\t\t<\/div>\n\t\t\t\t<\/div>\n\t\t\t<\/div>\n\t\t\t\t<div class=\"icon-box-text last-reset\">\n\t\t\t\t\t\t\t\t\t\n<p style=\"text-align: center;\"><strong><span style=\"font-size: 95%; font-family: 'times new roman', times, serif;\">luxtinsol@gmail.com<\/span><\/strong><\/p>\n\t\t<\/div>\n\t<\/div>\n\t\n\t\n\t\t<\/div>\n\t\t\t<\/div>\n\n\t\n\n\t<div id=\"col-896856510\" class=\"col medium-3 small-6 large-3\"  >\n\t\t<div class=\"col-inner\"  >\n\t\t\t\n\t\t\t\n\n\t\t<div class=\"icon-box featured-box icon-box-center text-center\"  >\n\t\t\t\t\t<div class=\"icon-box-img\" style=\"width: 60px\">\n\t\t\t\t<div class=\"icon\">\n\t\t\t\t\t<div class=\"icon-inner\" >\n\t\t\t\t\t\t<img loading=\"lazy\" decoding=\"async\" width=\"120\" height=\"120\" src=\"https:\/\/luxtinsol.com\/wp-content\/uploads\/2021\/10\/map-pin-line.png\" class=\"attachment-medium size-medium\" alt=\"\" \/>\t\t\t\t\t<\/div>\n\t\t\t\t<\/div>\n\t\t\t<\/div>\n\t\t\t\t<div class=\"icon-box-text last-reset\">\n\t\t\t\t\t\t\t\t\t\n<p style=\"text-align: center;\"><span style=\"font-size: 95%;\"><strong><span style=\"font-family: 'times new roman', times, serif;\">7\/4A \u0110\u01b0\u1eddng Tr\u1ea7n V\u0103n M\u01b0\u1eddi, Xu\u00e2n Th\u1edbi \u0110\u00f4ng,<\/span><\/strong><\/span><\/p>\n<p style=\"text-align: center;\"><span style=\"font-size: 95%;\"><strong><span style=\"font-family: 'times new roman', times, serif;\">H\u00f3c M\u00f4n, TP. HCM, Vi\u1ec7t Nam<\/span><\/strong><\/span><\/p>\n\t\t<\/div>\n\t<\/div>\n\t\n\t\n\t\t<\/div>\n\t\t\t<\/div>\n\n\t\n\n\t<div id=\"col-284385236\" class=\"col medium-3 small-6 large-3\"  >\n\t\t<div class=\"col-inner\"  >\n\t\t\t\n\t\t\t\n\n\t\t<div class=\"icon-box featured-box icon-box-center text-center\"  >\n\t\t\t\t\t<div class=\"icon-box-img\" style=\"width: 60px\">\n\t\t\t\t<div class=\"icon\">\n\t\t\t\t\t<div class=\"icon-inner\" >\n\t\t\t\t\t\t<img loading=\"lazy\" decoding=\"async\" width=\"120\" height=\"120\" src=\"https:\/\/luxtinsol.com\/wp-content\/uploads\/2021\/10\/phone-line.png\" class=\"attachment-medium size-medium\" alt=\"\" \/>\t\t\t\t\t<\/div>\n\t\t\t\t<\/div>\n\t\t\t<\/div>\n\t\t\t\t<div class=\"icon-box-text last-reset\">\n\t\t\t\t\t\t\t\t\t\n<p style=\"text-align: center;\"><strong><span style=\"font-size: 95%; font-family: 'times new roman', times, serif;\">0902.49.47.49 &#8211; Mr. \u0110i\u1ec7p<\/span><\/strong><\/p>\n\t\t<\/div>\n\t<\/div>\n\t\n\t\n\t\t<\/div>\n\t\t\t<\/div>\n\n\t\n<\/div>\n<div class=\"social-icons follow-icons full-width text-center\" ><a href=\"https:\/\/www.facebook.com\/D%C3%B9-che-n%E1%BA%AFng-Luxtinsol-102570878704399\" target=\"_blank\" data-label=\"Facebook\" rel=\"noopener noreferrer nofollow\" class=\"icon button circle is-outline facebook tooltip\" title=\"Follow on Facebook\"><i class=\"icon-facebook\" ><\/i><\/a><a href=\"http:\/\/www.instagram.com\/luxtinsol\" target=\"_blank\" rel=\"noopener noreferrer nofollow\" data-label=\"Instagram\" class=\"icon button circle is-outline  instagram tooltip\" title=\"Follow on Instagram\"><i class=\"icon-instagram\" ><\/i><\/a><a href=\"mailto:luxtinsol@gmail.com\" data-label=\"E-mail\"  rel=\"nofollow\" class=\"icon button circle is-outline  email tooltip\" title=\"Send us an email\"><i class=\"icon-envelop\" ><\/i><\/a><a href=\"tel:0902494749\" target=\"_blank\"  data-label=\"Phone\"  rel=\"noopener noreferrer nofollow\" class=\"icon button circle is-outline  phone tooltip\" title=\"Call us\"><i class=\"icon-phone\" ><\/i><\/a><a href=\"https:\/\/www.youtube.com\/channel\/UCQzFi-rzS9DU_vnJRI5m5Bg\" target=\"_blank\" rel=\"noopener noreferrer nofollow\" data-label=\"YouTube\" class=\"icon button circle is-outline  youtube tooltip\" title=\"Follow on YouTube\"><i class=\"icon-youtube\" ><\/i><\/a><\/div>\n\t\t<\/div>\n\n\t\t\n<style>\n#section_1740264363 {\n  padding-top: 0px;\n  padding-bottom: 0px;\n  margin-bottom: -56px;\n  background-color: rgb(0, 146, 191);\n}\n<\/style>\n\t<\/section>\n\t\n","protected":false},"excerpt":{"rendered":"","protected":false},"author":1,"featured_media":0,"parent":139,"menu_order":0,"comment_status":"closed","ping_status":"closed","template":"page-blank.php","meta":{"_ti_tpc_template_sync":false,"_ti_tpc_template_id":"","footnotes":""},"class_list":["post-727","page","type-page","status-publish","hentry"],"_links":{"self":[{"href":"https:\/\/luxtinsol.com\/index.php\/wp-json\/wp\/v2\/pages\/727","targetHints":{"allow":["GET"]}}],"collection":[{"href":"https:\/\/luxtinsol.com\/index.php\/wp-json\/wp\/v2\/pages"}],"about":[{"href":"https:\/\/luxtinsol.com\/index.php\/wp-json\/wp\/v2\/types\/page"}],"author":[{"embeddable":true,"href":"https:\/\/luxtinsol.com\/index.php\/wp-json\/wp\/v2\/users\/1"}],"replies":[{"embeddable":true,"href":"https:\/\/luxtinsol.com\/index.php\/wp-json\/wp\/v2\/comments?post=727"}],"version-history":[{"count":22,"href":"https:\/\/luxtinsol.com\/index.php\/wp-json\/wp\/v2\/pages\/727\/revisions"}],"predecessor-version":[{"id":2846,"href":"https:\/\/luxtinsol.com\/index.php\/wp-json\/wp\/v2\/pages\/727\/revisions\/2846"}],"up":[{"embeddable":true,"href":"https:\/\/luxtinsol.com\/index.php\/wp-json\/wp\/v2\/pages\/139"}],"wp:attachment":[{"href":"https:\/\/luxtinsol.com\/index.php\/wp-json\/wp\/v2\/media?parent=727"}],"curies":[{"name":"wp","href":"https:\/\/api.w.org\/{rel}","templated":true}]}}