{"id":29,"date":"2021-10-15T11:08:48","date_gmt":"2021-10-15T04:08:48","guid":{"rendered":"https:\/\/luxtinsol.com\/?page_id=29"},"modified":"2025-06-11T09:25:38","modified_gmt":"2025-06-11T02:25:38","slug":"gioi-thieu","status":"publish","type":"page","link":"https:\/\/luxtinsol.com\/index.php\/gioi-thieu\/","title":{"rendered":"Gi\u1edbi Thi\u1ec7u"},"content":{"rendered":"\t<section class=\"section dark\" id=\"section_1892889485\">\n\t\t<div class=\"bg section-bg fill bg-fill  bg-loaded\" >\n\n\t\t\t\n\t\t\t<div class=\"section-bg-overlay absolute fill\"><\/div>\n\t\t\t\n\t<div class=\"is-border\"\n\t\tstyle=\"border-color:rgb(0, 146, 191);border-width:0px 0px 0px 0px;\">\n\t<\/div>\n\n\t\t<\/div>\n\n\t\t<div class=\"section-content relative\">\n\t\t\t\n\n  <div class=\"banner has-hover has-parallax\" id=\"banner-120147494\">\n          <div class=\"banner-inner fill\">\n        <div class=\"banner-bg fill\" data-parallax=\"-10\" data-parallax-container=\".banner\" data-parallax-background>\n            <div class=\"bg fill bg-fill \"><\/div>\n                        <div class=\"overlay\"><\/div>            \n                    <\/div>\n        <div class=\"banner-layers container\">\n            <div class=\"fill banner-link\"><\/div>            \n        <\/div>\n      <\/div>\n\n            \n<style>\n#banner-120147494 {\n  padding-top: 57%;\n}\n#banner-120147494 .bg.bg-loaded {\n  background-image: url(https:\/\/luxtinsol.com\/wp-content\/uploads\/2021\/11\/2021_10_27_14_44_IMG_3187-scaled.jpg);\n}\n#banner-120147494 .overlay {\n  background-color: rgba(0, 0, 0, 0.05);\n}\n@media (min-width:550px) {\n  #banner-120147494 {\n    padding-top: 39%;\n  }\n}\n<\/style>\n  <\/div>\n\n\n\t\t<\/div>\n\n\t\t\n<style>\n#section_1892889485 {\n  padding-top: 0px;\n  padding-bottom: 0px;\n  min-height: 0px;\n  background-color: rgb(0, 146, 191);\n}\n#section_1892889485 .section-bg-overlay {\n  background-color: rgba(0, 0, 0, 0);\n}\n@media (min-width:550px) {\n  #section_1892889485 {\n    min-height: 0px;\n  }\n}\n<\/style>\n\t<\/section>\n\t\n\t<section class=\"section\" id=\"section_10303920\">\n\t\t<div class=\"bg section-bg fill bg-fill  bg-loaded\" >\n\n\t\t\t\n\t\t\t\n\t\t\t\n\n\t\t<\/div>\n\n\t\t<div class=\"section-content relative\">\n\t\t\t\n<div class=\"row\"  id=\"row-473837514\">\n\n\t<div id=\"col-1616502169\" class=\"col small-12 large-12\"  >\n\t\t<div class=\"col-inner\"  >\n\t\t\t\n\t\t\t\n<p style=\"text-align: center;\"><span style=\"font-family: 'book antiqua', palatino, serif;\"><strong><span style=\"font-size: 300%;\"><em>\u0110\u00d4I L\u1edcI T\u1eea CH\u00daNG T\u00d4I<\/em><\/span><\/strong><\/span><\/p>\n<p><span style=\"font-family: 'times new roman', times, serif; font-size: 105%;\"><em>Luxtinsol \u0111\u01b0\u1ee3c th\u00e0nh l\u1eadp v\u00e0o n\u0103m 2011 d\u01b0\u1edbi t\u00ean g\u1ecdi <strong>C\u00f4ng ty TNHH S\u1ea3n Xu\u1ea5t Th\u01b0\u01a1ng M\u1ea1i D\u00f9 Qu\u1ed1c T\u00edn<\/strong>, b\u1edfi nh\u1eefng ng\u01b0\u1eddi y\u00eau v\u00e0 \u0111am m\u00ea v\u1ec1 nh\u1eefng c\u00e2y d\u00f9 che n\u1eafng. Nh\u01b0ng ch\u00fang t\u00f4i c\u0169ng \u0111\u00e3 c\u00f3 trong tay tu\u1ed5i ngh\u1ec1 h\u01a1n 15 n\u0103m trong vi\u1ec7c s\u1ea3n xu\u1ea5t d\u00f9. T\u1eeb nh\u1eefng c\u00e2y d\u00f9 c\u01a1 b\u1ea3n nh\u1ea5t trong vi\u00eac che n\u1eafng \u1edf nh\u1eefng nh\u1eefng qu\u00e1n \u0103n, qu\u00e1n cafe s\u00e2n v\u01b0\u1eddn, ch\u00fang t\u00f4i \u0111\u00e3 kh\u00f4ng ng\u1eebng h\u1ecdc t\u1eadp, trau d\u1ed3i ki\u1ebfn th\u1ee9c \u0111\u1ec3 li\u00ean t\u1ee5c thay \u0111\u1ed5i t\u1eeb nh\u1eefng chi ti\u1ebft nh\u1ecf nh\u1ea5t, k\u1ec3 c\u1ea3 b\u1ea3n th\u00e2n c\u0169ng nh\u01b0 c\u1ea3 v\u1ec1 s\u1ea3n ph\u1ea9m, nh\u1eb1m mang \u0111\u1ebfn nh\u1eefng s\u1ea3n ph\u1ea9m t\u1ed1t nh\u1ea5t cho c\u00e1c kh\u00e1ch h\u00e0ng.<\/em><\/span><\/p>\n<p><em><span style=\"font-family: 'times new roman', times, serif; font-size: 105%;\">T\u1eeb nh\u1eefng nguy\u00ean li\u1ec7u nh\u00f4m s\u1eaft th\u00f4ng th\u01b0\u1eddng, ch\u00fang t\u00f4i d\u1ea7n n\u00e2ng c\u1ea5p chi ti\u1ebft s\u1ea3n ph\u1ea9m l\u00ean th\u00e0nh nguy\u00ean li\u1ec7u Inox 304, Inox 316, nh\u00f4m Aluminium, gi\u00fap cho c\u00e2y d\u00f9 che n\u1eafng c\u00e0ng tr\u1edf n\u00ean \u0111\u1eb9p h\u01a1n, ch\u1eafc ch\u1eafn h\u01a1n, sang tr\u1ecdng h\u01a1n, khi ch\u00fang \u0111\u01b0\u1ee3c \u0111\u1eb7t \u1edf nh\u1eefng n\u01a1i \u0111\u1eb3ng c\u1ea5p nh\u01b0 khu ngh\u1ec9 d\u01b0\u1ee1ng Resort, s\u00e2n Gofl, t\u00e0u du l\u1ecbch, b\u1ec3 b\u01a1i du l\u1ecbch, s\u00e2n v\u01b0\u1eddn bi\u1ec7t th\u1ef1,&#8230;<\/span><\/em><\/p>\n<p><em><span style=\"font-family: 'times new roman', times, serif; font-size: 105%;\">Ch\u00fang t\u00f4i h\u01b0\u1edbng \u0111\u1ebfn s\u1ef1 cao c\u1ea5p trong d\u00f2ng s\u1ea3n ph\u1ea9m d\u00f9 che n\u1eafng n\u00e0y, nh\u1eb1m kh\u1eb3ng \u0111\u1ecbnh r\u1eb1ng Vi\u1ec7t Nam c\u0169ng c\u00f3 th\u1ec3 l\u00e0m ra nh\u1eefng s\u1ea3n ph\u1ea9m c\u00f3 ch\u1ea5t l\u01b0\u1ee3ng cao kh\u00f4ng thua k\u00e9m so v\u1edbi th\u1ebf gi\u1edbi. Ch\u00fang t\u00f4i bi\u1ebft b\u1ea3n th\u00e2n v\u1eabn c\u00f2n l\u00e0 h\u1ea1t c\u00e1t gi\u1eefa sa m\u1ea1c m\u00eanh m\u00f4ng, v\u00e0 ki\u1ebfn th\u1ee9c v\u1ec1 d\u00f2ng d\u00f9 che n\u1eafng v\u1eabn c\u00f2n r\u1ea5t l\u1edbn \u1edf ngo\u00e0i kia, th\u1ebf n\u00ean ch\u00fang t\u00f4i s\u1ebd kh\u00f4ng cho ph\u00e9p b\u1ea3n th\u00e2n c\u00f3 \u0111\u1ee9c t\u00ednh t\u1ef1 ki\u00eau, lu\u00f4n ti\u1ebfp t\u1ee5c trau d\u1ed3i v\u00e0 thay \u0111\u1ed5i, l\u00e0m sao \u0111\u1ec3 cho Luxtinsol lu\u00f4n v\u01b0\u01a1n th\u1eadt cao, bay th\u1eadt xa h\u01a1n n\u1eefa trong t\u01b0\u01a1ng lai, nh\u1eb1m mang \u0111\u1ebfn ch\u1ea5t l\u01b0\u1ee3ng s\u1ea3n ph\u1ea9m t\u1ed1t nh\u1ea5t, d\u1ecbch v\u1ee5 t\u1ed1t nh\u1ea5t cho kh\u00e1ch h\u00e0ng c\u1ee7a ch\u00fang t\u00f4i.<\/span><\/em><\/p>\n\t\t<\/div>\n\t\t\t<\/div>\n\n\t\n<\/div>\n\t\t<\/div>\n\n\t\t\n<style>\n#section_10303920 {\n  padding-top: 30px;\n  padding-bottom: 30px;\n  background-color: rgb(255,255,255);\n}\n<\/style>\n\t<\/section>\n\t\n\t<section class=\"section dark\" id=\"section_50134072\">\n\t\t<div class=\"bg section-bg fill bg-fill  bg-loaded\" >\n\n\t\t\t\n\t\t\t\n\t\t\t\n\n\t\t<\/div>\n\n\t\t<div class=\"section-content relative\">\n\t\t\t\n<div class=\"row row-small\"  id=\"row-815125897\">\n\n\t<div id=\"col-929884347\" class=\"col small-12 large-12\"  >\n\t\t<div class=\"col-inner text-center\"  >\n\t\t\t\n\t\t\t\n<div class=\"is-divider divider clearfix\" style=\"max-width:100px;height:4px;background-color:rgb(255, 255, 255);\"><\/div>\n<p><strong><span style=\"font-family: 'times new roman', times, serif; font-size: 110%;\">LI\u00caN H\u1ec6 V\u1edaI CH\u00daNG T\u00d4I<\/span><\/strong><\/p>\n\t\t<\/div>\n\t\t\t<\/div>\n\n\t\n<\/div>\n<div class=\"row\"  id=\"row-1897774879\">\n\n\t<div id=\"col-13264065\" class=\"col medium-3 small-6 large-3\"  >\n\t\t<div class=\"col-inner\"  >\n\t\t\t\n\t\t\t\n\n\t\t<div class=\"icon-box featured-box icon-box-center text-center\"  >\n\t\t\t\t\t<div class=\"icon-box-img\" style=\"width: 60px\">\n\t\t\t\t<div class=\"icon\">\n\t\t\t\t\t<div class=\"icon-inner\" style=\"color:rgb(255, 255, 255);\">\n\t\t\t\t\t\t<img loading=\"lazy\" decoding=\"async\" width=\"300\" height=\"300\" src=\"https:\/\/luxtinsol.com\/wp-content\/uploads\/2022\/01\/info-icon-300x300.png\" class=\"attachment-medium size-medium\" alt=\"\" srcset=\"https:\/\/luxtinsol.com\/wp-content\/uploads\/2022\/01\/info-icon-300x300.png 300w, https:\/\/luxtinsol.com\/wp-content\/uploads\/2022\/01\/info-icon-1024x1024.png 1024w, https:\/\/luxtinsol.com\/wp-content\/uploads\/2022\/01\/info-icon-150x150.png 150w, https:\/\/luxtinsol.com\/wp-content\/uploads\/2022\/01\/info-icon-768x768.png 768w, https:\/\/luxtinsol.com\/wp-content\/uploads\/2022\/01\/info-icon-1536x1536.png 1536w, https:\/\/luxtinsol.com\/wp-content\/uploads\/2022\/01\/info-icon-2048x2048.png 2048w\" sizes=\"auto, (max-width: 300px) 100vw, 300px\" \/>\t\t\t\t\t<\/div>\n\t\t\t\t<\/div>\n\t\t\t<\/div>\n\t\t\t\t<div class=\"icon-box-text last-reset\">\n\t\t\t\t\t\t\t\t\t\n<p><span style=\"font-size: 90%;\"><strong><span style=\"font-family: 'times new roman', times, serif;\">C\u00f4ng ty TNHH SX-TM D\u00f9 Qu\u1ed1c T\u00edn<\/span><\/strong><\/span><\/p>\n<p><span style=\"font-size: 90%;\"><strong><span style=\"font-family: 'times new roman', times, serif;\">MST: 0310880555<\/span><\/strong><\/span><\/p>\n\t\t<\/div>\n\t<\/div>\n\t\n\t\n\t\t<\/div>\n\t\t\t<\/div>\n\n\t\n\n\t<div id=\"col-463507346\" class=\"col medium-3 small-6 large-3\"  >\n\t\t<div class=\"col-inner\"  >\n\t\t\t\n\t\t\t\n\n\t\t<div class=\"icon-box featured-box icon-box-center text-center\"  >\n\t\t\t\t\t<div class=\"icon-box-img\" style=\"width: 60px\">\n\t\t\t\t<div class=\"icon\">\n\t\t\t\t\t<div class=\"icon-inner\" >\n\t\t\t\t\t\t<img loading=\"lazy\" decoding=\"async\" width=\"120\" height=\"120\" src=\"https:\/\/luxtinsol.com\/wp-content\/uploads\/2021\/10\/mail-line.png\" class=\"attachment-medium size-medium\" alt=\"\" \/>\t\t\t\t\t<\/div>\n\t\t\t\t<\/div>\n\t\t\t<\/div>\n\t\t\t\t<div class=\"icon-box-text last-reset\">\n\t\t\t\t\t\t\t\t\t\n<p style=\"text-align: center;\"><strong><span style=\"font-size: 95%; font-family: 'times new roman', times, serif;\">luxtinsol@gmail.com<\/span><\/strong><\/p>\n\t\t<\/div>\n\t<\/div>\n\t\n\t\n\t\t<\/div>\n\t\t\t<\/div>\n\n\t\n\n\t<div id=\"col-1009962847\" class=\"col medium-3 small-6 large-3\"  >\n\t\t<div class=\"col-inner\"  >\n\t\t\t\n\t\t\t\n\n\t\t<div class=\"icon-box featured-box icon-box-center text-center\"  >\n\t\t\t\t\t<div class=\"icon-box-img\" style=\"width: 60px\">\n\t\t\t\t<div class=\"icon\">\n\t\t\t\t\t<div class=\"icon-inner\" >\n\t\t\t\t\t\t<img loading=\"lazy\" decoding=\"async\" width=\"120\" height=\"120\" src=\"https:\/\/luxtinsol.com\/wp-content\/uploads\/2021\/10\/map-pin-line.png\" class=\"attachment-medium size-medium\" alt=\"\" \/>\t\t\t\t\t<\/div>\n\t\t\t\t<\/div>\n\t\t\t<\/div>\n\t\t\t\t<div class=\"icon-box-text last-reset\">\n\t\t\t\t\t\t\t\t\t\n<p style=\"text-align: center;\"><span style=\"font-size: 95%;\"><strong><span style=\"font-family: 'times new roman', times, serif;\">7\/4A \u0110\u01b0\u1eddng Tr\u1ea7n V\u0103n M\u01b0\u1eddi, Xu\u00e2n Th\u1edbi \u0110\u00f4ng,<\/span><\/strong><\/span><\/p>\n<p style=\"text-align: center;\"><span style=\"font-size: 95%;\"><strong><span style=\"font-family: 'times new roman', times, serif;\">H\u00f3c M\u00f4n, TP. HCM, Vi\u1ec7t Nam<\/span><\/strong><\/span><\/p>\n\t\t<\/div>\n\t<\/div>\n\t\n\t\n\t\t<\/div>\n\t\t\t<\/div>\n\n\t\n\n\t<div id=\"col-1518043905\" class=\"col medium-3 small-6 large-3\"  >\n\t\t<div class=\"col-inner\"  >\n\t\t\t\n\t\t\t\n\n\t\t<div class=\"icon-box featured-box icon-box-center text-center\"  >\n\t\t\t\t\t<div class=\"icon-box-img\" style=\"width: 60px\">\n\t\t\t\t<div class=\"icon\">\n\t\t\t\t\t<div class=\"icon-inner\" >\n\t\t\t\t\t\t<img loading=\"lazy\" decoding=\"async\" width=\"120\" height=\"120\" src=\"https:\/\/luxtinsol.com\/wp-content\/uploads\/2021\/10\/phone-line.png\" class=\"attachment-medium size-medium\" alt=\"\" \/>\t\t\t\t\t<\/div>\n\t\t\t\t<\/div>\n\t\t\t<\/div>\n\t\t\t\t<div class=\"icon-box-text last-reset\">\n\t\t\t\t\t\t\t\t\t\n<p style=\"text-align: center;\"><strong><span style=\"font-size: 95%; font-family: 'times new roman', times, serif;\">0902.49.47.49 &#8211; Mr. \u0110i\u1ec7p<\/span><\/strong><\/p>\n\t\t<\/div>\n\t<\/div>\n\t\n\t\n\t\t<\/div>\n\t\t\t<\/div>\n\n\t\n<\/div>\n<div class=\"social-icons follow-icons full-width text-center\" ><a href=\"https:\/\/www.facebook.com\/D%C3%B9-che-n%E1%BA%AFng-Luxtinsol-102570878704399\" target=\"_blank\" data-label=\"Facebook\" rel=\"noopener noreferrer nofollow\" class=\"icon button circle is-outline facebook tooltip\" title=\"Follow on Facebook\"><i class=\"icon-facebook\" ><\/i><\/a><a href=\"http:\/\/www.instagram.com\/luxtinsol\" target=\"_blank\" rel=\"noopener noreferrer nofollow\" data-label=\"Instagram\" class=\"icon button circle is-outline  instagram tooltip\" title=\"Follow on Instagram\"><i class=\"icon-instagram\" ><\/i><\/a><a href=\"mailto:luxtinsol@gmail.com\" data-label=\"E-mail\"  rel=\"nofollow\" class=\"icon button circle is-outline  email tooltip\" title=\"Send us an email\"><i class=\"icon-envelop\" ><\/i><\/a><a href=\"tel:0902494749\" target=\"_blank\"  data-label=\"Phone\"  rel=\"noopener noreferrer nofollow\" class=\"icon button circle is-outline  phone tooltip\" title=\"Call us\"><i class=\"icon-phone\" ><\/i><\/a><a href=\"https:\/\/www.youtube.com\/channel\/UCQzFi-rzS9DU_vnJRI5m5Bg\" target=\"_blank\" rel=\"noopener noreferrer nofollow\" data-label=\"YouTube\" class=\"icon button circle is-outline  youtube tooltip\" title=\"Follow on YouTube\"><i class=\"icon-youtube\" ><\/i><\/a><\/div>\n\t\t<\/div>\n\n\t\t\n<style>\n#section_50134072 {\n  padding-top: 0px;\n  padding-bottom: 0px;\n  margin-bottom: -56px;\n  background-color: rgb(0, 146, 191);\n}\n<\/style>\n\t<\/section>\n\t\n","protected":false},"excerpt":{"rendered":"","protected":false},"author":1,"featured_media":0,"parent":0,"menu_order":0,"comment_status":"closed","ping_status":"closed","template":"page-blank.php","meta":{"_ti_tpc_template_sync":false,"_ti_tpc_template_id":"","footnotes":""},"class_list":["post-29","page","type-page","status-publish","hentry"],"_links":{"self":[{"href":"https:\/\/luxtinsol.com\/index.php\/wp-json\/wp\/v2\/pages\/29","targetHints":{"allow":["GET"]}}],"collection":[{"href":"https:\/\/luxtinsol.com\/index.php\/wp-json\/wp\/v2\/pages"}],"about":[{"href":"https:\/\/luxtinsol.com\/index.php\/wp-json\/wp\/v2\/types\/page"}],"author":[{"embeddable":true,"href":"https:\/\/luxtinsol.com\/index.php\/wp-json\/wp\/v2\/users\/1"}],"replies":[{"embeddable":true,"href":"https:\/\/luxtinsol.com\/index.php\/wp-json\/wp\/v2\/comments?post=29"}],"version-history":[{"count":50,"href":"https:\/\/luxtinsol.com\/index.php\/wp-json\/wp\/v2\/pages\/29\/revisions"}],"predecessor-version":[{"id":2851,"href":"https:\/\/luxtinsol.com\/index.php\/wp-json\/wp\/v2\/pages\/29\/revisions\/2851"}],"wp:attachment":[{"href":"https:\/\/luxtinsol.com\/index.php\/wp-json\/wp\/v2\/media?parent=29"}],"curies":[{"name":"wp","href":"https:\/\/api.w.org\/{rel}","templated":true}]}}