{"id":2342,"date":"2022-01-19T15:43:58","date_gmt":"2022-01-19T08:43:58","guid":{"rendered":"https:\/\/luxtinsol.com\/?page_id=2342"},"modified":"2025-06-11T09:19:38","modified_gmt":"2025-06-11T02:19:38","slug":"suc-chong-chiu-cua-du-che-nang-luxtinsol-nhu-the-nao-truoc-gio-bien","status":"publish","type":"page","link":"https:\/\/luxtinsol.com\/index.php\/blog\/suc-chong-chiu-cua-du-che-nang-luxtinsol-nhu-the-nao-truoc-gio-bien\/","title":{"rendered":"S\u1ee9c ch\u1ed1ng ch\u1ecbu c\u1ee7a d\u00f9 che n\u1eafng Luxtinsol nh\u01b0 th\u1ebf n\u00e0o tr\u01b0\u1edbc gi\u00f3 bi\u1ec3n"},"content":{"rendered":"\t<section class=\"section\" id=\"section_225244097\">\n\t\t<div class=\"bg section-bg fill bg-fill  bg-loaded\" >\n\n\t\t\t\n\t\t\t\n\t\t\t\n\n\t\t<\/div>\n\n\t\t<div class=\"section-content relative\">\n\t\t\t\n\t\t<\/div>\n\n\t\t\n<style>\n#section_225244097 {\n  padding-top: 30px;\n  padding-bottom: 30px;\n}\n<\/style>\n\t<\/section>\n\t\n\t<section class=\"section\" id=\"section_294819060\">\n\t\t<div class=\"bg section-bg fill bg-fill  bg-loaded\" >\n\n\t\t\t\n\t\t\t<div class=\"section-bg-overlay absolute fill\"><\/div>\n\t\t\t\n\n\t\t<\/div>\n\n\t\t<div class=\"section-content relative\">\n\t\t\t\n<div class=\"row row-collapse align-center\"  id=\"row-1046188879\">\n\n\t<div id=\"col-1570895948\" class=\"col small-11 large-12\"  >\n\t\t<div class=\"col-inner text-center\"  >\n\t\t\t\n\t\t\t\n<h2 style=\"text-align: left;\"><span style=\"font-family: tahoma, arial, helvetica, sans-serif;\">S\u1ee9c ch\u1ed1ng ch\u1ecbu c\u1ee7a d\u00f9 che n\u1eafng Luxtinsol nh\u01b0 th\u1ebf n\u00e0o tr\u01b0\u1edbc s\u1ee9c gi\u00f3 bi\u1ec3n?<\/span><\/h2>\n<p style=\"text-align: left;\"><span style=\"font-family: 'times new roman', times, serif;\"><strong>Nh\u01b0 m\u1ecdi ng\u01b0\u1eddi c\u0169ng \u0111\u00e3 bi\u1ebft, c\u00e1c v\u00f9ng \u0111\u1ea5t li\u1ec1n g\u1ea7n bi\u1ec3n ho\u1eb7c s\u00e1t bi\u1ec3n s\u1ebd lu\u00f4n c\u00f3 nh\u1eefng lu\u1ed3ng gi\u00f3 bi\u1ec3n kh\u00e1 m\u1ea1nh, \u0111i\u1ec1u n\u00e0y khi\u1ebfn cho c\u00e1c c\u00e2y d\u00f9 ph\u1ed5 th\u00f4ng r\u1ea5t d\u1ec5 b\u1ecb bi\u1ebfn d\u1ea1ng, ho\u1eb7c n\u1eb7ng h\u01a1n s\u1ebd b\u1ecb g\u00e3y \u0111\u1ee9t k\u1ebft n\u1ed1i do s\u1ee9c gi\u00f3 bi\u1ec3n ch\u1ee9 kh\u00f4ng ph\u1ea3i do \u0111\u1ed5 ng\u00e3 va \u0111\u1eadp. V\u1eady d\u00f9 Luxtinsol c\u00f3 g\u00ec kh\u00e1c \u0111\u1ec3 c\u00f3 th\u1ec3 d\u00e1m kh\u1eb3ng \u0111\u1ecbnh v\u1eefng ch\u1eafc r\u1eb1ng d\u00f9 che n\u1eafng th\u01b0\u01a1ng hi\u1ec7u n\u00e0y \u0111\u1ee7 s\u1ee9c \u0111\u00fang v\u1eefng tr\u01b0\u1edbc s\u1ee9c gi\u00f3 bi\u1ec3n t\u1ef1 nhi\u00ean trong su\u1ed1t m\u1ed9t th\u1eddi gian d\u00e0i s\u1eed d\u1ee5ng?<\/strong><\/span><\/p>\n\t\t<\/div>\n\t\t\n<style>\n#col-1570895948 > .col-inner {\n  padding: 50px 0px 50px 0px;\n}\n<\/style>\n\t<\/div>\n\n\t\n\n\t<div id=\"col-1916790466\" class=\"col medium-8 large-8\"  >\n\t\t<div class=\"col-inner text-center\"  >\n\t\t\t\n\t\t\t\n\n  <div class=\"banner has-hover\" id=\"banner-1660908276\">\n          <div class=\"banner-inner fill\">\n        <div class=\"banner-bg fill\" >\n            <div class=\"bg fill bg-fill \"><\/div>\n                                    \n                    <\/div>\n        <div class=\"banner-layers container\">\n            <div class=\"fill banner-link\"><\/div>            \n        <\/div>\n      <\/div>\n\n            \n<style>\n#banner-1660908276 {\n  padding-top: 56.25%;\n}\n#banner-1660908276 .bg.bg-loaded {\n  background-image: url(https:\/\/luxtinsol.com\/wp-content\/uploads\/2021\/11\/IMG_1316-1024x576.jpg);\n}\n#banner-1660908276 .bg {\n  background-position: 77% 64%;\n}\n<\/style>\n  <\/div>\n\n\n\t\t<\/div>\n\t\t\t<\/div>\n\n\t\n\n\t<div id=\"col-1065115773\" class=\"col small-11 large-12\"  >\n\t\t<div class=\"col-inner text-center\"  >\n\t\t\t\n\t\t\t\n<p style=\"text-align: left;\"><span style=\"font-family: 'andale mono', monospace;\"><strong>1. Ch\u1ea5t li\u1ec7u ph\u1ee5 ki\u1ec7n cao c\u1ea5p inox 304\/316<\/strong><\/span><\/p>\n<p style=\"text-align: left;\"><em><span style=\"font-family: 'times new roman', times, serif; font-size: 105%;\">Kh\u00e1c v\u1edbi m\u1ed9t c\u00e2y d\u00f9 ph\u1ed5 th\u00f4ng, Luxtinsol l\u1ef1a ch\u1ecdn ch\u1ea5t li\u1ec7u kim lo\u1ea1i t\u1ed1t nh\u1ea5t cho c\u00e1c chi ti\u1ebft c\u1ee7a c\u00e2y d\u00f9, t\u1eeb \u1ed5 d\u00f9, \u0111\u1ec9nh d\u00f9, tay quay \u0111\u1ebfn c\u1ea3 c\u00e1c bu-l\u00f4ng \u1ed1c v\u00edt, t\u1ea5t c\u1ea3 \u0111\u1ec1u \u0111\u01b0\u1ee3c l\u00e0m t\u1eeb inox 304 ho\u1eb7c 316, nh\u1eb1m \u0111\u1ea3m b\u1ea3o ch\u1eafc ch\u1eafn nh\u1ea5t cho c\u00e1c v\u1ecb tr\u00ed kh\u1edbp n\u1ed1i c\u1ee7a th\u00e2n v\u00e0 k\u00e8o d\u00f9.<\/span><\/em><\/p>\n<p style=\"text-align: left;\"><em><span style=\"font-family: 'times new roman', times, serif; font-size: 105%;\">V\u00e0 vi\u1ec7c s\u1eed d\u1ee5ng ch\u1ea5t li\u1ec7u inox 304\/316 c\u0169ng s\u1ebd gi\u00fap cho c\u00e2y d\u00f9 h\u1ea1n ch\u1ebf l\u00e0m ch\u1eadm nh\u1ea5t c\u00f3 th\u1ec3 ho\u1eb7c kh\u00f4ng b\u1ecb tr\u1ea3i qua qu\u00e1 tr\u00ecnh r\u1ec9 s\u00e9t do gi\u00f3 mu\u1ed1i bi\u1ec3n. R\u1ea5t nhi\u1ec1u nh\u1eefng c\u00e2y d\u00f9 ph\u1ed5 th\u00f4ng s\u1ebd kh\u00f4ng ch\u1ecbu \u0111\u01b0\u1ee3c s\u1ee9c gi\u00f3 bi\u1ec3n c\u0169ng nh\u01b0 s\u1ef1 \u0103n m\u00f2n c\u1ee7a gi\u00f3 bi\u1ec3n, nh\u01b0ng Luxtinsol \u0111\u1ea3m b\u1ea3o v\u1ec1 s\u1ea3n ph\u1ea9m d\u00f9 che n\u1eafng c\u00f3 th\u1ec3 \u0111\u1ee9ng v\u1eefng \u0111\u01b0\u1ee3c nh\u1eefng v\u1ea5n \u0111\u1ec1 \u0111\u00f3 trong su\u1ed1t th\u1eddi gian d\u00e0i s\u1eed d\u1ee5ng.<\/span><\/em><\/p>\n\t\t<\/div>\n\t\t\n<style>\n#col-1065115773 > .col-inner {\n  padding: 50px 0px 50px 0px;\n}\n<\/style>\n\t<\/div>\n\n\t\n<\/div>\n<div class=\"row align-center\"  id=\"row-1638203857\">\n\n\t<div id=\"col-1081521884\" class=\"col medium-6 small-12 large-6\"  >\n\t\t<div class=\"col-inner\"  >\n\t\t\t\n\t\t\t\n\n  <div class=\"banner has-hover\" id=\"banner-9908456\">\n          <div class=\"banner-inner fill\">\n        <div class=\"banner-bg fill\" >\n            <div class=\"bg fill bg-fill \"><\/div>\n                                    \n                    <\/div>\n        <div class=\"banner-layers container\">\n            <div class=\"fill banner-link\"><\/div>            \n        <\/div>\n      <\/div>\n\n            \n<style>\n#banner-9908456 {\n  padding-top: 56.25%;\n}\n#banner-9908456 .bg.bg-loaded {\n  background-image: url(https:\/\/luxtinsol.com\/wp-content\/uploads\/2021\/10\/z2881652114953_889dff23bb05833c7c51d93263fe308a.jpg);\n}\n<\/style>\n  <\/div>\n\n\n\t\t<\/div>\n\t\t\t<\/div>\n\n\t\n\n\t<div id=\"col-1305743828\" class=\"col medium-6 small-12 large-6\"  >\n\t\t<div class=\"col-inner\"  >\n\t\t\t\n\t\t\t\n\n  <div class=\"banner has-hover\" id=\"banner-231021800\">\n          <div class=\"banner-inner fill\">\n        <div class=\"banner-bg fill\" >\n            <div class=\"bg fill bg-fill \"><\/div>\n                                    \n                    <\/div>\n        <div class=\"banner-layers container\">\n            <div class=\"fill banner-link\"><\/div>            \n        <\/div>\n      <\/div>\n\n            \n<style>\n#banner-231021800 {\n  padding-top: 56.25%;\n}\n#banner-231021800 .bg.bg-loaded {\n  background-image: url(https:\/\/luxtinsol.com\/wp-content\/uploads\/2021\/12\/Untitled-1-1024x576.jpg);\n}\n<\/style>\n  <\/div>\n\n\n\t\t<\/div>\n\t\t\t<\/div>\n\n\t\n\n\t<div id=\"col-1705278763\" class=\"col small-12 large-12\"  >\n\t\t<div class=\"col-inner text-center\"  >\n\t\t\t\n\t\t\t\n<p style=\"text-align: left;\"><span style=\"font-family: 'andale mono', monospace;\"><strong>2. Tay ngh\u1ec1 cao t\u1ea1o n\u00ean m\u1ed9t s\u1ea3n ph\u1ea9m ch\u1ea5t l\u01b0\u1ee3ng<\/strong><\/span><\/p>\n<p style=\"text-align: left;\"><span style=\"font-size: 105%;\"><em><span style=\"font-family: 'times new roman', times, serif;\">N\u1ebfu ch\u1ea5t li\u1ec7u c\u1ee7a c\u00e1c chi ti\u1ebft d\u00f9 l\u00e0 m\u1ed9t \u0111i\u1ec1u ki\u1ec7n c\u1ea7n, th\u00ec tay ngh\u1ec1 c\u1ee7a ng\u01b0\u1eddi th\u1ee3 Luxtinsol ch\u00ednh l\u00e0 \u0111i\u1ec1u ki\u1ec7n \u0111\u1ee7 \u0111\u1ec3 gi\u00fap cho c\u00e2y d\u00f9 che n\u1eafng th\u01b0\u01a1ng hi\u1ec7u n\u00e0y c\u00f3 m\u1ed9t s\u1ee9c ch\u1ed1ng ch\u1ecbu t\u1ed1t tr\u01b0\u1edbc s\u1ee9c gi\u00f3 bi\u1ec3n.<\/span><\/em><\/span><\/p>\n<p style=\"text-align: left;\"><em><span style=\"font-family: 'times new roman', times, serif; font-size: 105%;\">Tay ngh\u1ec1 th\u1ee3 Luxtinsol gi\u00fap cho c\u00e2y d\u00f9 ch\u1eafc ch\u1eafn h\u01a1n b\u1eb1ng vi\u1ec7c th\u1ec3 hi\u1ec7n qua c\u00e1c m\u1ed1i h\u00e0n ho\u1eb7c b\u1eb1ng vi\u1ec7c t\u1ea1o ra c\u00e1c chi ti\u1ebft nh\u01b0 \u1ed5 d\u00f9, c\u00e1c kh\u1edbp, tay quay, ty \u0111\u1ea9y,&#8230; Kh\u00f4ng ch\u1ec9 l\u00e0m cho c\u00e2y d\u00f9 ch\u1eafc ch\u1eafn, \u0111\u1ed9 th\u1ea9m m\u1ef9 c\u1ee7a c\u00e2y d\u00f9 c\u0169ng l\u00e0 \u0111i\u1ec1u m\u00e0 c\u00e1c th\u1ee3 Luxtinsol h\u01b0\u1edbng \u0111\u1ebfn nh\u1eb1m gi\u00fap kh\u00e1ch h\u00e0ng h\u00e0i l\u00f2ng nh\u1ea5t c\u00f3 th\u1ec3 c\u1ea3 v\u1ec1 h\u00ecnh th\u1ee9c b\u00ean ngo\u00e0i l\u1eabn s\u1ef1 ch\u1eafc ch\u1eafn b\u00ean trong.<\/span><\/em><\/p>\n\t\t<\/div>\n\t\t\n<style>\n#col-1705278763 > .col-inner {\n  padding: 50px 0px 50px 0px;\n}\n<\/style>\n\t<\/div>\n\n\t\n\n\t<div id=\"col-1980337472\" class=\"col medium-8 small-12 large-8\"  >\n\t\t<div class=\"col-inner text-center\"  >\n\t\t\t\n\t\t\t\n\n  <div class=\"banner has-hover\" id=\"banner-1810014895\">\n          <div class=\"banner-inner fill\">\n        <div class=\"banner-bg fill\" >\n            <div class=\"bg fill bg-fill \"><\/div>\n                                    \n                    <\/div>\n        <div class=\"banner-layers container\">\n            <div class=\"fill banner-link\"><\/div>            \n        <\/div>\n      <\/div>\n\n            \n<style>\n#banner-1810014895 {\n  padding-top: 56.25%;\n}\n#banner-1810014895 .bg.bg-loaded {\n  background-image: url(https:\/\/luxtinsol.com\/wp-content\/uploads\/2022\/01\/tumblr_oi2sc92skX1sif8yho1_1280-1-1024x576.jpg);\n}\n#banner-1810014895 .bg {\n  background-position: 77% 64%;\n}\n<\/style>\n  <\/div>\n\n\n\t\t<\/div>\n\t\t\t<\/div>\n\n\t\n<\/div>\n\t\t<\/div>\n\n\t\t\n<style>\n#section_294819060 {\n  padding-top: 0px;\n  padding-bottom: 0px;\n  background-color: rgb(208, 208, 208);\n}\n#section_294819060 .section-bg-overlay {\n  background-color: rgba(255, 255, 255, 0.85);\n}\n<\/style>\n\t<\/section>\n\t\n\t<section class=\"section dark\" id=\"section_1119011709\">\n\t\t<div class=\"bg section-bg fill bg-fill  bg-loaded\" >\n\n\t\t\t\n\t\t\t\n\t\t\t\n\n\t\t<\/div>\n\n\t\t<div class=\"section-content relative\">\n\t\t\t\n<div class=\"row row-small\"  id=\"row-1277054074\">\n\n\t<div id=\"col-1410257244\" class=\"col small-12 large-12\"  >\n\t\t<div class=\"col-inner text-center\"  >\n\t\t\t\n\t\t\t\n<div class=\"is-divider divider clearfix\" style=\"max-width:100px;height:4px;background-color:rgb(255, 255, 255);\"><\/div>\n<p><strong><span style=\"font-family: 'times new roman', times, serif; font-size: 110%;\">LI\u00caN H\u1ec6 V\u1edaI CH\u00daNG T\u00d4I<\/span><\/strong><\/p>\n\t\t<\/div>\n\t\t\t<\/div>\n\n\t\n<\/div>\n<div class=\"row\"  id=\"row-1779808705\">\n\n\t<div id=\"col-744681026\" class=\"col medium-3 small-6 large-3\"  >\n\t\t<div class=\"col-inner\"  >\n\t\t\t\n\t\t\t\n\n\t\t<div class=\"icon-box featured-box icon-box-center text-center\"  >\n\t\t\t\t\t<div class=\"icon-box-img\" style=\"width: 60px\">\n\t\t\t\t<div class=\"icon\">\n\t\t\t\t\t<div class=\"icon-inner\" style=\"color:rgb(255, 255, 255);\">\n\t\t\t\t\t\t<img loading=\"lazy\" decoding=\"async\" width=\"300\" height=\"300\" src=\"https:\/\/luxtinsol.com\/wp-content\/uploads\/2022\/01\/info-icon-300x300.png\" class=\"attachment-medium size-medium\" alt=\"\" srcset=\"https:\/\/luxtinsol.com\/wp-content\/uploads\/2022\/01\/info-icon-300x300.png 300w, https:\/\/luxtinsol.com\/wp-content\/uploads\/2022\/01\/info-icon-1024x1024.png 1024w, https:\/\/luxtinsol.com\/wp-content\/uploads\/2022\/01\/info-icon-150x150.png 150w, https:\/\/luxtinsol.com\/wp-content\/uploads\/2022\/01\/info-icon-768x768.png 768w, https:\/\/luxtinsol.com\/wp-content\/uploads\/2022\/01\/info-icon-1536x1536.png 1536w, https:\/\/luxtinsol.com\/wp-content\/uploads\/2022\/01\/info-icon-2048x2048.png 2048w\" sizes=\"auto, (max-width: 300px) 100vw, 300px\" \/>\t\t\t\t\t<\/div>\n\t\t\t\t<\/div>\n\t\t\t<\/div>\n\t\t\t\t<div class=\"icon-box-text last-reset\">\n\t\t\t\t\t\t\t\t\t\n<p><span style=\"font-size: 90%;\"><strong><span style=\"font-family: 'times new roman', times, serif;\">C\u00f4ng ty TNHH SX-TM D\u00f9 Qu\u1ed1c T\u00edn<\/span><\/strong><\/span><\/p>\n<p><span style=\"font-size: 90%;\"><strong><span style=\"font-family: 'times new roman', times, serif;\">MST: 0310880555<\/span><\/strong><\/span><\/p>\n\t\t<\/div>\n\t<\/div>\n\t\n\t\n\t\t<\/div>\n\t\t\t<\/div>\n\n\t\n\n\t<div id=\"col-695585217\" class=\"col medium-3 small-6 large-3\"  >\n\t\t<div class=\"col-inner\"  >\n\t\t\t\n\t\t\t\n\n\t\t<div class=\"icon-box featured-box icon-box-center text-center\"  >\n\t\t\t\t\t<div class=\"icon-box-img\" style=\"width: 60px\">\n\t\t\t\t<div class=\"icon\">\n\t\t\t\t\t<div class=\"icon-inner\" >\n\t\t\t\t\t\t<img loading=\"lazy\" decoding=\"async\" width=\"120\" height=\"120\" src=\"https:\/\/luxtinsol.com\/wp-content\/uploads\/2021\/10\/mail-line.png\" class=\"attachment-medium size-medium\" alt=\"\" \/>\t\t\t\t\t<\/div>\n\t\t\t\t<\/div>\n\t\t\t<\/div>\n\t\t\t\t<div class=\"icon-box-text last-reset\">\n\t\t\t\t\t\t\t\t\t\n<p style=\"text-align: center;\"><strong><span style=\"font-size: 95%; font-family: 'times new roman', times, serif;\">luxtinsol@gmail.com<\/span><\/strong><\/p>\n\t\t<\/div>\n\t<\/div>\n\t\n\t\n\t\t<\/div>\n\t\t\t<\/div>\n\n\t\n\n\t<div id=\"col-669825045\" class=\"col medium-3 small-6 large-3\"  >\n\t\t<div class=\"col-inner\"  >\n\t\t\t\n\t\t\t\n\n\t\t<div class=\"icon-box featured-box icon-box-center text-center\"  >\n\t\t\t\t\t<div class=\"icon-box-img\" style=\"width: 60px\">\n\t\t\t\t<div class=\"icon\">\n\t\t\t\t\t<div class=\"icon-inner\" >\n\t\t\t\t\t\t<img loading=\"lazy\" decoding=\"async\" width=\"120\" height=\"120\" src=\"https:\/\/luxtinsol.com\/wp-content\/uploads\/2021\/10\/map-pin-line.png\" class=\"attachment-medium size-medium\" alt=\"\" \/>\t\t\t\t\t<\/div>\n\t\t\t\t<\/div>\n\t\t\t<\/div>\n\t\t\t\t<div class=\"icon-box-text last-reset\">\n\t\t\t\t\t\t\t\t\t\n<p style=\"text-align: center;\"><span style=\"font-size: 95%;\"><strong><span style=\"font-family: 'times new roman', times, serif;\">7\/4A \u0110\u01b0\u1eddng Tr\u1ea7n V\u0103n M\u01b0\u1eddi, Xu\u00e2n Th\u1edbi \u0110\u00f4ng,<\/span><\/strong><\/span><\/p>\n<p style=\"text-align: center;\"><span style=\"font-size: 95%;\"><strong><span style=\"font-family: 'times new roman', times, serif;\">H\u00f3c M\u00f4n, TP. HCM, Vi\u1ec7t Nam<\/span><\/strong><\/span><\/p>\n\t\t<\/div>\n\t<\/div>\n\t\n\t\n\t\t<\/div>\n\t\t\t<\/div>\n\n\t\n\n\t<div id=\"col-966445837\" class=\"col medium-3 small-6 large-3\"  >\n\t\t<div class=\"col-inner\"  >\n\t\t\t\n\t\t\t\n\n\t\t<div class=\"icon-box featured-box icon-box-center text-center\"  >\n\t\t\t\t\t<div class=\"icon-box-img\" style=\"width: 60px\">\n\t\t\t\t<div class=\"icon\">\n\t\t\t\t\t<div class=\"icon-inner\" >\n\t\t\t\t\t\t<img loading=\"lazy\" decoding=\"async\" width=\"120\" height=\"120\" src=\"https:\/\/luxtinsol.com\/wp-content\/uploads\/2021\/10\/phone-line.png\" class=\"attachment-medium size-medium\" alt=\"\" \/>\t\t\t\t\t<\/div>\n\t\t\t\t<\/div>\n\t\t\t<\/div>\n\t\t\t\t<div class=\"icon-box-text last-reset\">\n\t\t\t\t\t\t\t\t\t\n<p style=\"text-align: center;\"><strong><span style=\"font-size: 95%; font-family: 'times new roman', times, serif;\">0902.49.47.49 &#8211; Mr. \u0110i\u1ec7p<\/span><\/strong><\/p>\n\t\t<\/div>\n\t<\/div>\n\t\n\t\n\t\t<\/div>\n\t\t\t<\/div>\n\n\t\n<\/div>\n<div class=\"social-icons follow-icons full-width text-center\" ><a href=\"https:\/\/www.facebook.com\/D%C3%B9-che-n%E1%BA%AFng-Luxtinsol-102570878704399\" target=\"_blank\" data-label=\"Facebook\" rel=\"noopener noreferrer nofollow\" class=\"icon button circle is-outline facebook tooltip\" title=\"Follow on Facebook\"><i class=\"icon-facebook\" ><\/i><\/a><a href=\"http:\/\/www.instagram.com\/luxtinsol\" target=\"_blank\" rel=\"noopener noreferrer nofollow\" data-label=\"Instagram\" class=\"icon button circle is-outline  instagram tooltip\" title=\"Follow on Instagram\"><i class=\"icon-instagram\" ><\/i><\/a><a href=\"mailto:luxtinsol@gmail.com\" data-label=\"E-mail\"  rel=\"nofollow\" class=\"icon button circle is-outline  email tooltip\" title=\"Send us an email\"><i class=\"icon-envelop\" ><\/i><\/a><a href=\"tel:0902494749\" target=\"_blank\"  data-label=\"Phone\"  rel=\"noopener noreferrer nofollow\" class=\"icon button circle is-outline  phone tooltip\" title=\"Call us\"><i class=\"icon-phone\" ><\/i><\/a><a href=\"https:\/\/www.youtube.com\/channel\/UCQzFi-rzS9DU_vnJRI5m5Bg\" target=\"_blank\" rel=\"noopener noreferrer nofollow\" data-label=\"YouTube\" class=\"icon button circle is-outline  youtube tooltip\" title=\"Follow on YouTube\"><i class=\"icon-youtube\" ><\/i><\/a><\/div>\n\t\t<\/div>\n\n\t\t\n<style>\n#section_1119011709 {\n  padding-top: 0px;\n  padding-bottom: 0px;\n  margin-bottom: -56px;\n  background-color: rgb(0, 146, 191);\n}\n<\/style>\n\t<\/section>\n\t\n","protected":false},"excerpt":{"rendered":"","protected":false},"author":1,"featured_media":0,"parent":2233,"menu_order":0,"comment_status":"closed","ping_status":"closed","template":"page-blank.php","meta":{"_ti_tpc_template_sync":false,"_ti_tpc_template_id":"","footnotes":""},"class_list":["post-2342","page","type-page","status-publish","hentry"],"_links":{"self":[{"href":"https:\/\/luxtinsol.com\/index.php\/wp-json\/wp\/v2\/pages\/2342","targetHints":{"allow":["GET"]}}],"collection":[{"href":"https:\/\/luxtinsol.com\/index.php\/wp-json\/wp\/v2\/pages"}],"about":[{"href":"https:\/\/luxtinsol.com\/index.php\/wp-json\/wp\/v2\/types\/page"}],"author":[{"embeddable":true,"href":"https:\/\/luxtinsol.com\/index.php\/wp-json\/wp\/v2\/users\/1"}],"replies":[{"embeddable":true,"href":"https:\/\/luxtinsol.com\/index.php\/wp-json\/wp\/v2\/comments?post=2342"}],"version-history":[{"count":6,"href":"https:\/\/luxtinsol.com\/index.php\/wp-json\/wp\/v2\/pages\/2342\/revisions"}],"predecessor-version":[{"id":2835,"href":"https:\/\/luxtinsol.com\/index.php\/wp-json\/wp\/v2\/pages\/2342\/revisions\/2835"}],"up":[{"embeddable":true,"href":"https:\/\/luxtinsol.com\/index.php\/wp-json\/wp\/v2\/pages\/2233"}],"wp:attachment":[{"href":"https:\/\/luxtinsol.com\/index.php\/wp-json\/wp\/v2\/media?parent=2342"}],"curies":[{"name":"wp","href":"https:\/\/api.w.org\/{rel}","templated":true}]}}