{"id":2256,"date":"2022-01-12T09:40:47","date_gmt":"2022-01-12T02:40:47","guid":{"rendered":"https:\/\/luxtinsol.com\/?page_id=2256"},"modified":"2025-06-11T09:18:57","modified_gmt":"2025-06-11T02:18:57","slug":"du-che-nang-chat-luong-tot","status":"publish","type":"page","link":"https:\/\/luxtinsol.com\/index.php\/blog\/du-che-nang-chat-luong-tot\/","title":{"rendered":"D\u00f9 che n\u1eafng ch\u1ea5t l\u01b0\u1ee3ng t\u1ed1t"},"content":{"rendered":"\t<section class=\"section\" id=\"section_1302558422\">\n\t\t<div class=\"bg section-bg fill bg-fill  bg-loaded\" >\n\n\t\t\t\n\t\t\t\n\t\t\t\n\n\t\t<\/div>\n\n\t\t<div class=\"section-content relative\">\n\t\t\t\n\t\t<\/div>\n\n\t\t\n<style>\n#section_1302558422 {\n  padding-top: 30px;\n  padding-bottom: 30px;\n}\n<\/style>\n\t<\/section>\n\t\n\t<section class=\"section\" id=\"section_1366393183\">\n\t\t<div class=\"bg section-bg fill bg-fill  bg-loaded\" >\n\n\t\t\t\n\t\t\t<div class=\"section-bg-overlay absolute fill\"><\/div>\n\t\t\t\n\n\t\t<\/div>\n\n\t\t<div class=\"section-content relative\">\n\t\t\t\n<div class=\"row row-collapse align-center\"  id=\"row-2136673053\">\n\n\t<div id=\"col-1598868287\" class=\"col small-11 large-12\"  >\n\t\t<div class=\"col-inner text-center\"  >\n\t\t\t\n\t\t\t\n<h2 style=\"text-align: left;\"><span style=\"font-family: tahoma, arial, helvetica, sans-serif;\">M\u1ed9t c\u00e2y d\u00f9 che n\u1eafng t\u1ed1t &#8211; l\u00e0 m\u1ed9t c\u00e2y d\u00f9 nh\u01b0 th\u1ebf n\u00e0o?<\/span><\/h2>\n<p style=\"text-align: left;\"><span style=\"font-family: 'times new roman', times, serif;\"><strong>C\u00f3 m\u1ed9t b\u00e0i to\u00e1n kh\u00e1 kh\u00f3 kh\u0103n v\u00e0 nan gi\u1ea3i \u0111\u1ed1i v\u1edbi b\u1ea5t c\u1ee9 m\u1ed9t nh\u00e0 s\u1ea3n xu\u1ea5t d\u00f9 che n\u1eafng n\u00e0o, \u0111\u00f3 l\u00e0 l\u00e0m sao \u0111\u1ec3 c\u00e2y d\u00f9 kh\u00f4ng b\u1ecb ho\u1eb7c h\u1ea1n ch\u1ebf nh\u1ea5t c\u00f3 th\u1ec3 vi\u1ec7c b\u1ecb \u0103n m\u00f2n r\u1ec9 s\u00e9t trong m\u00f4i tr\u01b0\u1eddng gi\u00f3 bi\u1ec3n? Kh\u00f4ng b\u1ecb g\u00e3y k\u1ebft c\u1ea5u tr\u01b0\u1edbc s\u1ee9c gi\u00f3 bi\u1ec3n? v\u00e0 m\u00e0u s\u1eafc \u00e1o v\u1ea3i kh\u00f4ng phai m\u00e0u sau m\u1ed9t th\u1eddi gian s\u1eed d\u1ee5ng?<\/strong><\/span><\/p>\n\t\t<\/div>\n\t\t\n<style>\n#col-1598868287 > .col-inner {\n  padding: 50px 0px 50px 0px;\n}\n<\/style>\n\t<\/div>\n\n\t\n\n\t<div id=\"col-158690522\" class=\"col medium-8 large-8\"  >\n\t\t<div class=\"col-inner text-center\"  >\n\t\t\t\n\t\t\t\n\n  <div class=\"banner has-hover\" id=\"banner-2024706484\">\n          <div class=\"banner-inner fill\">\n        <div class=\"banner-bg fill\" >\n            <div class=\"bg fill bg-fill \"><\/div>\n                                    \n                    <\/div>\n        <div class=\"banner-layers container\">\n            <div class=\"fill banner-link\"><\/div>            \n        <\/div>\n      <\/div>\n\n            \n<style>\n#banner-2024706484 {\n  padding-top: 56.25%;\n}\n#banner-2024706484 .bg.bg-loaded {\n  background-image: url(https:\/\/luxtinsol.com\/wp-content\/uploads\/2022\/01\/IMG_3265fghg-1024x650.jpg);\n}\n#banner-2024706484 .bg {\n  background-position: 77% 64%;\n}\n<\/style>\n  <\/div>\n\n\n\t\t<\/div>\n\t\t\t<\/div>\n\n\t\n\n\t<div id=\"col-396555386\" class=\"col small-11 large-12\"  >\n\t\t<div class=\"col-inner text-center\"  >\n\t\t\t\n\t\t\t\n<p style=\"text-align: left;\"><span style=\"font-family: 'andale mono', monospace;\"><strong>1. Gi\u1ea3i quy\u1ebft \u0111\u01b0\u1ee3c v\u1ea5n \u0111\u1ec1 \u0103n m\u00f2n r\u1ec9 s\u00e9t trong m\u00f4i tr\u01b0\u1eddng gi\u00f3 bi\u1ec3n<\/strong><\/span><\/p>\n<p style=\"text-align: left;\"><span style=\"font-size: 105%;\"><em><span style=\"font-family: 'times new roman', times, serif;\">C\u00f3 l\u1ebd khi nh\u1eafc \u0111\u1ebfn m\u1ed9t s\u1ea3n ph\u1ea9m ngo\u1ea1i th\u1ea5t, nh\u1ea5t l\u00e0 s\u1ea3n ph\u1ea9m \u1edf g\u1ea7n m\u00f4i tr\u01b0\u1eddng bi\u1ec3n, ch\u00fang ta th\u01b0\u1eddng nh\u1eafc \u0111\u1ebfn d\u00f9 che n\u1eafng. S\u1ee9c ch\u1ed1ng ch\u1ecbu, \u0111\u1ed9 b\u1ec1n b\u1ec9 c\u1ee7a m\u1ed9t c\u00e2y d\u00f9 c\u0169ng s\u1ebd cho th\u1ea5y \u0111\u01b0\u1ee3c ch\u1ea5t l\u01b0\u1ee3ng c\u1ee7a c\u00e2y d\u00f9 \u0111\u00f3. \u0110a ph\u1ea7n d\u00f2ng d\u00f9 che n\u1eafng trong th\u1ecb tr\u01b0\u1eddng th\u01b0\u1eddng g\u1eb7p v\u1ea5n \u0111\u1ec1 n\u00e0y &#8211; ng\u1ea3 v\u00e0ng v\u00e0 r\u1ec9 s\u00e9t, khi\u1ebfn nhi\u1ec1u kh\u00e1ch h\u00e0ng s\u1eed d\u1ee5ng c\u1ea3m th\u1ea5y kh\u00f4ng h\u00e0i l\u00f2ng v\u00e0 tho\u1ea3i m\u00e1i. Luxtinsol ch\u1ecdn nh\u1eefng ph\u1ee5 ki\u1ec7n t\u1ed1t nh\u1ea5t \u0111\u1ec3 gi\u1ea3i quy\u1ebft tri\u1ec7t \u0111\u1ec3 v\u1ea5n \u0111\u1ec1 n\u00e0y, nh\u1eb1m h\u1ea1n ch\u1ebf nh\u1ea5t c\u00f3 th\u1ec3 vi\u1ec7c b\u1ecb r\u1ec9 s\u00e9t sau th\u1eddi gian s\u1eed d\u1ee5ng.<\/span><\/em><\/span><\/p>\n<p style=\"text-align: left;\"><em><span style=\"font-family: 'times new roman', times, serif; font-size: 105%;\">\u1ed4 d\u00f9, tay quay, c\u00e1c path v\u1edbi ch\u1ea5t li\u1ec7u inox 304\/316, th\u00e2n k\u00e8o d\u00f9 th\u00ec \u0111\u01b0\u1ee3c l\u00e0m b\u1eb1ng nh\u00f4m qua qu\u00e1 tr\u00ecnh anod ho\u1eb7c inox 304, gi\u00fap c\u00e2y d\u00f9 h\u1ea1n ch\u1ebf th\u1ea5p nh\u1ea5t qu\u00e1 tr\u00ecnh b\u1ecb \u0103n m\u00f2n r\u1ec9 s\u00e9t, v\u00e0 gi\u00fap c\u00e2y d\u00f9 tr\u1edf n\u00ean c\u1ee9ng c\u00e1p, b\u1ec1n b\u1ec9 trong su\u1ed1t th\u1eddi gian d\u00e0i s\u1eed d\u1ee5ng.<\/span><\/em><\/p>\n\t\t<\/div>\n\t\t\n<style>\n#col-396555386 > .col-inner {\n  padding: 50px 0px 50px 0px;\n}\n<\/style>\n\t<\/div>\n\n\t\n<\/div>\n<div class=\"row align-center\"  id=\"row-1907336861\">\n\n\t<div id=\"col-1179612943\" class=\"col medium-6 small-12 large-6\"  >\n\t\t<div class=\"col-inner\"  >\n\t\t\t\n\t\t\t\n\n  <div class=\"banner has-hover\" id=\"banner-184875100\">\n          <div class=\"banner-inner fill\">\n        <div class=\"banner-bg fill\" >\n            <div class=\"bg fill bg-fill \"><\/div>\n                                    \n                    <\/div>\n        <div class=\"banner-layers container\">\n            <div class=\"fill banner-link\"><\/div>            \n        <\/div>\n      <\/div>\n\n            \n<style>\n#banner-184875100 {\n  padding-top: 56.25%;\n}\n#banner-184875100 .bg.bg-loaded {\n  background-image: url(https:\/\/luxtinsol.com\/wp-content\/uploads\/2021\/10\/b-2-1024x768.jpg);\n}\n<\/style>\n  <\/div>\n\n\n\t\t<\/div>\n\t\t\t<\/div>\n\n\t\n\n\t<div id=\"col-378263585\" class=\"col medium-6 small-12 large-6\"  >\n\t\t<div class=\"col-inner\"  >\n\t\t\t\n\t\t\t\n\n  <div class=\"banner has-hover\" id=\"banner-257784740\">\n          <div class=\"banner-inner fill\">\n        <div class=\"banner-bg fill\" >\n            <div class=\"bg fill bg-fill \"><\/div>\n                                    \n                    <\/div>\n        <div class=\"banner-layers container\">\n            <div class=\"fill banner-link\"><\/div>            \n        <\/div>\n      <\/div>\n\n            \n<style>\n#banner-257784740 {\n  padding-top: 56.25%;\n}\n#banner-257784740 .bg.bg-loaded {\n  background-image: url(https:\/\/luxtinsol.com\/wp-content\/uploads\/2021\/10\/a-1-1024x768.jpg);\n}\n<\/style>\n  <\/div>\n\n\n\t\t<\/div>\n\t\t\t<\/div>\n\n\t\n\n\t<div id=\"col-2062106223\" class=\"col small-12 large-12\"  >\n\t\t<div class=\"col-inner text-center\"  >\n\t\t\t\n\t\t\t\n<p style=\"text-align: left;\"><span style=\"font-family: 'andale mono', monospace;\"><strong>2. \u0110\u1ed9 b\u1ec1n m\u00e0u s\u1eafc v\u1ea3i sau m\u1ed9t th\u1eddi gian d\u00e0i s\u1eed d\u1ee5ng<\/strong><\/span><\/p>\n<p style=\"text-align: left;\"><span style=\"font-size: 105%;\"><em><span style=\"font-family: 'times new roman', times, serif;\">\u0110\u1ee9ng d\u01b0\u1edbi \u00e1p l\u1ef1c v\u00e0 s\u1ee9c n\u00f3ng nh\u01b0 thi\u00eau \u0111\u1ed1t c\u1ee7a m\u1eb7t tr\u1eddi, c\u1ed9ng v\u1edbi mu\u1ed1i bi\u1ec3n, g\u1ea7n nh\u01b0 m\u1ecdi ch\u1ea5t li\u1ec7u v\u1ea3i s\u1ebd phai m\u00e0u trong th\u1eddi gian ng\u1eafn s\u1eed d\u1ee5ng li\u00ean t\u1ee5c. C\u00e1c ch\u1ea5t li\u1ec7u v\u1ea3i Vi\u1ec7t Nam th\u01b0\u1eddng s\u1ebd phai m\u00e0u sau 6 th\u00e1ng s\u1eed d\u1ee5ng.<\/span><\/em><\/span><\/p>\n<p style=\"text-align: left;\"><em><span style=\"font-family: 'times new roman', times, serif; font-size: 105%;\">Luxtinsol s\u1eed d\u1ee5ng v\u1ea3i Sunbrella &#8211; m\u1ed9t th\u01b0\u01a1ng hi\u1ec7u v\u1ea3i ngo\u00e0i tr\u1eddi cao c\u1ea5p nh\u1ea5t c\u1ee7a M\u1ef9. Ch\u1ea5t li\u1ec7u v\u1ea3i Sunbrella \u0111\u1ee7 s\u1ee9c m\u1ea1nh \u0111\u1ec3 ch\u1ed1ng ch\u1ecdi l\u1ea1i v\u1edbi tia n\u1eafng m\u1eb7t tr\u1eddi trong su\u1ed1t nhi\u1ec1u n\u0103m li\u1ec1n, b\u1ea3o h\u00e0nh m\u00e0u s\u1eafc c\u1ee7a v\u1ea3i l\u00ean \u0111\u1ebfn 5 n\u0103m. Ngo\u00e0i ra vi\u1ec7c c\u1ea3n tr\u1edf tia UV, b\u1ea3o v\u1ec7 cho ng\u01b0\u1eddi d\u01b0\u1edbi t\u00e1n d\u00f9 c\u0169ng l\u00e0 m\u1ed9t \u0111i\u1ec3m m\u1ea1nh c\u1ee7a v\u1ea3i Sunbrella.<\/span><\/em><\/p>\n\t\t<\/div>\n\t\t\n<style>\n#col-2062106223 > .col-inner {\n  padding: 50px 0px 50px 0px;\n}\n<\/style>\n\t<\/div>\n\n\t\n\n\t<div id=\"col-2131221919\" class=\"col medium-8 small-12 large-8\"  >\n\t\t<div class=\"col-inner text-center\"  >\n\t\t\t\n\t\t\t\n\n  <div class=\"banner has-hover\" id=\"banner-1971901600\">\n          <div class=\"banner-inner fill\">\n        <div class=\"banner-bg fill\" >\n            <div class=\"bg fill bg-fill \"><\/div>\n                                    \n                    <\/div>\n        <div class=\"banner-layers container\">\n            <div class=\"fill banner-link\"><\/div>            \n        <\/div>\n      <\/div>\n\n            \n<style>\n#banner-1971901600 {\n  padding-top: 56.25%;\n}\n#banner-1971901600 .bg.bg-loaded {\n  background-image: url(https:\/\/luxtinsol.com\/wp-content\/uploads\/2022\/01\/tumblr_oi2sc92skX1sif8yho1_1280-1-1024x576.jpg);\n}\n#banner-1971901600 .bg {\n  background-position: 77% 64%;\n}\n<\/style>\n  <\/div>\n\n\n\t\t<\/div>\n\t\t\t<\/div>\n\n\t\n\n\t<div id=\"col-241790285\" class=\"col small-12 large-12\"  >\n\t\t<div class=\"col-inner text-center\"  >\n\t\t\t\n\t\t\t\n<p style=\"text-align: left;\"><span style=\"font-family: 'andale mono', monospace;\"><strong>3. T\u00ednh th\u1ea9m m\u1ef9 cao<\/strong><\/span><\/p>\n<p style=\"text-align: left;\"><span style=\"font-size: 105%;\"><em><span style=\"font-family: 'times new roman', times, serif;\">Ngo\u00e0i y\u1ebfu t\u1ed1 ch\u1eafc ch\u1eafn v\u00e0 b\u1ec1n b\u1ec9 c\u1ee7a c\u00e2y d\u00f9 che n\u1eafng, b\u1ea5t c\u1ee9 kh\u00e1ch h\u00e0ng n\u00e0o c\u0169ng mu\u1ed1n c\u00f3 th\u00eam s\u1ef1 th\u1ea9m m\u1ef9 trong c\u00e2y d\u00f9. C\u00e1c c\u00e2y d\u00f9 che n\u1eafng \u0111\u1eb7t \u1edf c\u00e1c v\u1ecb tr\u00ed b\u00e3i bi\u1ec3n , h\u1ed3 b\u01a1i, s\u00e2n v\u01b0\u1eddn nh\u00e0 h\u00e0ng kh\u00e1ch s\u1ea1n c\u0169ng l\u00e0 \u0111\u1ec3 t\u00f4n th\u00eam v\u1ebb \u0111\u1eb9p sang tr\u1ecdng cho nh\u1eefng n\u01a1i \u1ea5y. Luxtinsol n\u00e2ng c\u1ea5p t\u1ea5t c\u1ea3 c\u00e1c chi ti\u1ebft nh\u1ecf nh\u1ea5t, k\u1ec3 c\u1ea3 tr\u00ean th\u00e2n k\u00e8o, v\u1ea3i d\u00f9 \u0111\u1ebfn \u0111\u1ebf d\u00f9, gi\u00fap d\u00f9 che n\u1eafng c\u1ee7a th\u01b0\u01a1ng hi\u1ec7u n\u00e0y kh\u00f4ng ch\u1ec9 ki\u00ean c\u1ed1 v\u1eefng ch\u1eafc m\u00e0 c\u00f2n \u0111\u1ea1t \u0111\u01b0\u1ee3c t\u00ednh th\u1ea9m m\u1ef9 cao.<\/span><\/em><\/span><\/p>\n\t\t<\/div>\n\t\t\n<style>\n#col-241790285 > .col-inner {\n  padding: 50px 0px 50px 0px;\n}\n<\/style>\n\t<\/div>\n\n\t\n<\/div>\n\t\t<\/div>\n\n\t\t\n<style>\n#section_1366393183 {\n  padding-top: 0px;\n  padding-bottom: 0px;\n  background-color: rgb(208, 208, 208);\n}\n#section_1366393183 .section-bg-overlay {\n  background-color: rgba(255, 255, 255, 0.85);\n}\n<\/style>\n\t<\/section>\n\t\n\t<section class=\"section dark\" id=\"section_1106647229\">\n\t\t<div class=\"bg section-bg fill bg-fill  bg-loaded\" >\n\n\t\t\t\n\t\t\t\n\t\t\t\n\n\t\t<\/div>\n\n\t\t<div class=\"section-content relative\">\n\t\t\t\n<div class=\"row row-small\"  id=\"row-1985900001\">\n\n\t<div id=\"col-82997159\" class=\"col small-12 large-12\"  >\n\t\t<div class=\"col-inner text-center\"  >\n\t\t\t\n\t\t\t\n<div class=\"is-divider divider clearfix\" style=\"max-width:100px;height:4px;background-color:rgb(255, 255, 255);\"><\/div>\n<p><strong><span style=\"font-family: 'times new roman', times, serif; font-size: 110%;\">LI\u00caN H\u1ec6 V\u1edaI CH\u00daNG T\u00d4I<\/span><\/strong><\/p>\n\t\t<\/div>\n\t\t\t<\/div>\n\n\t\n<\/div>\n<div class=\"row\"  id=\"row-1836007129\">\n\n\t<div id=\"col-1825753567\" class=\"col medium-3 small-6 large-3\"  >\n\t\t<div class=\"col-inner\"  >\n\t\t\t\n\t\t\t\n\n\t\t<div class=\"icon-box featured-box icon-box-center text-center\"  >\n\t\t\t\t\t<div class=\"icon-box-img\" style=\"width: 60px\">\n\t\t\t\t<div class=\"icon\">\n\t\t\t\t\t<div class=\"icon-inner\" style=\"color:rgb(255, 255, 255);\">\n\t\t\t\t\t\t<img loading=\"lazy\" decoding=\"async\" width=\"300\" height=\"300\" src=\"https:\/\/luxtinsol.com\/wp-content\/uploads\/2022\/01\/info-icon-300x300.png\" class=\"attachment-medium size-medium\" alt=\"\" srcset=\"https:\/\/luxtinsol.com\/wp-content\/uploads\/2022\/01\/info-icon-300x300.png 300w, https:\/\/luxtinsol.com\/wp-content\/uploads\/2022\/01\/info-icon-1024x1024.png 1024w, https:\/\/luxtinsol.com\/wp-content\/uploads\/2022\/01\/info-icon-150x150.png 150w, https:\/\/luxtinsol.com\/wp-content\/uploads\/2022\/01\/info-icon-768x768.png 768w, https:\/\/luxtinsol.com\/wp-content\/uploads\/2022\/01\/info-icon-1536x1536.png 1536w, https:\/\/luxtinsol.com\/wp-content\/uploads\/2022\/01\/info-icon-2048x2048.png 2048w\" sizes=\"auto, (max-width: 300px) 100vw, 300px\" \/>\t\t\t\t\t<\/div>\n\t\t\t\t<\/div>\n\t\t\t<\/div>\n\t\t\t\t<div class=\"icon-box-text last-reset\">\n\t\t\t\t\t\t\t\t\t\n<p><span style=\"font-size: 90%;\"><strong><span style=\"font-family: 'times new roman', times, serif;\">C\u00f4ng ty TNHH SX-TM D\u00f9 Qu\u1ed1c T\u00edn<\/span><\/strong><\/span><\/p>\n<p><span style=\"font-size: 90%;\"><strong><span style=\"font-family: 'times new roman', times, serif;\">MST: 0310880555<\/span><\/strong><\/span><\/p>\n\t\t<\/div>\n\t<\/div>\n\t\n\t\n\t\t<\/div>\n\t\t\t<\/div>\n\n\t\n\n\t<div id=\"col-42564988\" class=\"col medium-3 small-6 large-3\"  >\n\t\t<div class=\"col-inner\"  >\n\t\t\t\n\t\t\t\n\n\t\t<div class=\"icon-box featured-box icon-box-center text-center\"  >\n\t\t\t\t\t<div class=\"icon-box-img\" style=\"width: 60px\">\n\t\t\t\t<div class=\"icon\">\n\t\t\t\t\t<div class=\"icon-inner\" >\n\t\t\t\t\t\t<img loading=\"lazy\" decoding=\"async\" width=\"120\" height=\"120\" src=\"https:\/\/luxtinsol.com\/wp-content\/uploads\/2021\/10\/mail-line.png\" class=\"attachment-medium size-medium\" alt=\"\" \/>\t\t\t\t\t<\/div>\n\t\t\t\t<\/div>\n\t\t\t<\/div>\n\t\t\t\t<div class=\"icon-box-text last-reset\">\n\t\t\t\t\t\t\t\t\t\n<p style=\"text-align: center;\"><strong><span style=\"font-size: 95%; font-family: 'times new roman', times, serif;\">luxtinsol@gmail.com<\/span><\/strong><\/p>\n\t\t<\/div>\n\t<\/div>\n\t\n\t\n\t\t<\/div>\n\t\t\t<\/div>\n\n\t\n\n\t<div id=\"col-200567831\" class=\"col medium-3 small-6 large-3\"  >\n\t\t<div class=\"col-inner\"  >\n\t\t\t\n\t\t\t\n\n\t\t<div class=\"icon-box featured-box icon-box-center text-center\"  >\n\t\t\t\t\t<div class=\"icon-box-img\" style=\"width: 60px\">\n\t\t\t\t<div class=\"icon\">\n\t\t\t\t\t<div class=\"icon-inner\" >\n\t\t\t\t\t\t<img loading=\"lazy\" decoding=\"async\" width=\"120\" height=\"120\" src=\"https:\/\/luxtinsol.com\/wp-content\/uploads\/2021\/10\/map-pin-line.png\" class=\"attachment-medium size-medium\" alt=\"\" \/>\t\t\t\t\t<\/div>\n\t\t\t\t<\/div>\n\t\t\t<\/div>\n\t\t\t\t<div class=\"icon-box-text last-reset\">\n\t\t\t\t\t\t\t\t\t\n<p style=\"text-align: center;\"><span style=\"font-size: 95%;\"><strong><span style=\"font-family: 'times new roman', times, serif;\">7\/4A \u0110\u01b0\u1eddng Tr\u1ea7n V\u0103n M\u01b0\u1eddi, Xu\u00e2n Th\u1edbi \u0110\u00f4ng,<\/span><\/strong><\/span><\/p>\n<p style=\"text-align: center;\"><span style=\"font-size: 95%;\"><strong><span style=\"font-family: 'times new roman', times, serif;\">H\u00f3c M\u00f4n, TP. HCM, Vi\u1ec7t Nam<\/span><\/strong><\/span><\/p>\n\t\t<\/div>\n\t<\/div>\n\t\n\t\n\t\t<\/div>\n\t\t\t<\/div>\n\n\t\n\n\t<div id=\"col-648218106\" class=\"col medium-3 small-6 large-3\"  >\n\t\t<div class=\"col-inner\"  >\n\t\t\t\n\t\t\t\n\n\t\t<div class=\"icon-box featured-box icon-box-center text-center\"  >\n\t\t\t\t\t<div class=\"icon-box-img\" style=\"width: 60px\">\n\t\t\t\t<div class=\"icon\">\n\t\t\t\t\t<div class=\"icon-inner\" >\n\t\t\t\t\t\t<img loading=\"lazy\" decoding=\"async\" width=\"120\" height=\"120\" src=\"https:\/\/luxtinsol.com\/wp-content\/uploads\/2021\/10\/phone-line.png\" class=\"attachment-medium size-medium\" alt=\"\" \/>\t\t\t\t\t<\/div>\n\t\t\t\t<\/div>\n\t\t\t<\/div>\n\t\t\t\t<div class=\"icon-box-text last-reset\">\n\t\t\t\t\t\t\t\t\t\n<p style=\"text-align: center;\"><strong><span style=\"font-size: 95%; font-family: 'times new roman', times, serif;\">0902.49.47.49 &#8211; Mr. \u0110i\u1ec7p<\/span><\/strong><\/p>\n\t\t<\/div>\n\t<\/div>\n\t\n\t\n\t\t<\/div>\n\t\t\t<\/div>\n\n\t\n<\/div>\n<div class=\"social-icons follow-icons full-width text-center\" ><a href=\"https:\/\/www.facebook.com\/D%C3%B9-che-n%E1%BA%AFng-Luxtinsol-102570878704399\" target=\"_blank\" data-label=\"Facebook\" rel=\"noopener noreferrer nofollow\" class=\"icon button circle is-outline facebook tooltip\" title=\"Follow on Facebook\"><i class=\"icon-facebook\" ><\/i><\/a><a href=\"http:\/\/www.instagram.com\/luxtinsol\" target=\"_blank\" rel=\"noopener noreferrer nofollow\" data-label=\"Instagram\" class=\"icon button circle is-outline  instagram tooltip\" title=\"Follow on Instagram\"><i class=\"icon-instagram\" ><\/i><\/a><a href=\"mailto:luxtinsol@gmail.com\" data-label=\"E-mail\"  rel=\"nofollow\" class=\"icon button circle is-outline  email tooltip\" title=\"Send us an email\"><i class=\"icon-envelop\" ><\/i><\/a><a href=\"tel:0902494749\" target=\"_blank\"  data-label=\"Phone\"  rel=\"noopener noreferrer nofollow\" class=\"icon button circle is-outline  phone tooltip\" title=\"Call us\"><i class=\"icon-phone\" ><\/i><\/a><a href=\"https:\/\/www.youtube.com\/channel\/UCQzFi-rzS9DU_vnJRI5m5Bg\" target=\"_blank\" rel=\"noopener noreferrer nofollow\" data-label=\"YouTube\" class=\"icon button circle is-outline  youtube tooltip\" title=\"Follow on YouTube\"><i class=\"icon-youtube\" ><\/i><\/a><\/div>\n\t\t<\/div>\n\n\t\t\n<style>\n#section_1106647229 {\n  padding-top: 0px;\n  padding-bottom: 0px;\n  margin-bottom: -56px;\n  background-color: rgb(0, 146, 191);\n}\n<\/style>\n\t<\/section>\n\t\n","protected":false},"excerpt":{"rendered":"","protected":false},"author":1,"featured_media":0,"parent":2233,"menu_order":0,"comment_status":"closed","ping_status":"closed","template":"page-blank.php","meta":{"_ti_tpc_template_sync":false,"_ti_tpc_template_id":"","footnotes":""},"class_list":["post-2256","page","type-page","status-publish","hentry"],"_links":{"self":[{"href":"https:\/\/luxtinsol.com\/index.php\/wp-json\/wp\/v2\/pages\/2256","targetHints":{"allow":["GET"]}}],"collection":[{"href":"https:\/\/luxtinsol.com\/index.php\/wp-json\/wp\/v2\/pages"}],"about":[{"href":"https:\/\/luxtinsol.com\/index.php\/wp-json\/wp\/v2\/types\/page"}],"author":[{"embeddable":true,"href":"https:\/\/luxtinsol.com\/index.php\/wp-json\/wp\/v2\/users\/1"}],"replies":[{"embeddable":true,"href":"https:\/\/luxtinsol.com\/index.php\/wp-json\/wp\/v2\/comments?post=2256"}],"version-history":[{"count":14,"href":"https:\/\/luxtinsol.com\/index.php\/wp-json\/wp\/v2\/pages\/2256\/revisions"}],"predecessor-version":[{"id":2834,"href":"https:\/\/luxtinsol.com\/index.php\/wp-json\/wp\/v2\/pages\/2256\/revisions\/2834"}],"up":[{"embeddable":true,"href":"https:\/\/luxtinsol.com\/index.php\/wp-json\/wp\/v2\/pages\/2233"}],"wp:attachment":[{"href":"https:\/\/luxtinsol.com\/index.php\/wp-json\/wp\/v2\/media?parent=2256"}],"curies":[{"name":"wp","href":"https:\/\/api.w.org\/{rel}","templated":true}]}}