{"id":1798,"date":"2021-12-17T09:36:23","date_gmt":"2021-12-17T02:36:23","guid":{"rendered":"https:\/\/luxtinsol.com\/?page_id=1798"},"modified":"2025-06-11T09:31:27","modified_gmt":"2025-06-11T02:31:27","slug":"du-lech-tam-nhom-chu-z","status":"publish","type":"page","link":"https:\/\/luxtinsol.com\/index.php\/than-du\/du-lech-tam-nhom-chu-z\/","title":{"rendered":"D\u00f9 l\u1ec7ch t\u00e2m nh\u00f4m ch\u1eef Z"},"content":{"rendered":"\t<section class=\"section\" id=\"section_1191722920\">\n\t\t<div class=\"bg section-bg fill bg-fill  bg-loaded\" >\n\n\t\t\t\n\t\t\t\n\t\t\t\n\n\t\t<\/div>\n\n\t\t<div class=\"section-content relative\">\n\t\t\t\n<div class=\"row\"  id=\"row-1617575769\">\n\n\t<div id=\"col-1046910012\" class=\"col small-12 large-12\"  >\n\t\t<div class=\"col-inner\"  >\n\t\t\t\n\t\t\t\n<div class=\"slider-wrapper relative\" id=\"slider-1918781117\" >\n    <div class=\"slider slider-nav-circle slider-nav-large slider-nav-light slider-style-normal\"\n        data-flickity-options='{\n            \"cellAlign\": \"center\",\n            \"imagesLoaded\": true,\n            \"lazyLoad\": 1,\n            \"freeScroll\": false,\n            \"wrapAround\": true,\n            \"autoPlay\": 6000,\n            \"pauseAutoPlayOnHover\" : true,\n            \"prevNextButtons\": true,\n            \"contain\" : true,\n            \"adaptiveHeight\" : true,\n            \"dragThreshold\" : 10,\n            \"percentPosition\": true,\n            \"pageDots\": true,\n            \"rightToLeft\": false,\n            \"draggable\": true,\n            \"selectedAttraction\": 0.1,\n            \"parallax\" : 0,\n            \"friction\": 0.6        }'\n        >\n        \n     <\/div>\n\n     <div class=\"loading-spin dark large centered\"><\/div>\n\n     <\/div>\n\n\n\t\t<\/div>\n\t\t\t<\/div>\n\n\t\n<\/div>\n<div class=\"text-center\"><div class=\"is-divider divider clearfix\" style=\"max-width:100px;height:4px;background-color:rgb(0, 146, 191);\"><\/div><\/div>\n<p style=\"text-align: center;\"><strong><span style=\"font-family: 'times new roman', times, serif; font-size: 110%;\">D\u00d9 L\u1ec6CH T\u00c2M NH\u00d4M CH\u1eee Z<\/span><\/strong><\/p>\n<div class=\"row align-middle\"  id=\"row-410319514\">\n\n\t<div id=\"col-949452819\" class=\"col medium-6 small-12 large-6\"  >\n\t\t<div class=\"col-inner\"  >\n\t\t\t\n\t\t\t\n\n  <div class=\"banner has-hover\" id=\"banner-750186863\">\n          <div class=\"banner-inner fill\">\n        <div class=\"banner-bg fill\" >\n            <div class=\"bg fill bg-fill \"><\/div>\n                                    \n                    <\/div>\n        <div class=\"banner-layers container\">\n            <div class=\"fill banner-link\"><\/div>            \n        <\/div>\n      <\/div>\n\n            \n<style>\n#banner-750186863 {\n  padding-top: 99.99%;\n}\n#banner-750186863 .bg.bg-loaded {\n  background-image: url(https:\/\/luxtinsol.com\/wp-content\/uploads\/2021\/12\/IMG_E0228-1-1024x1024.jpg);\n}\n<\/style>\n  <\/div>\n\n\n\t\t<\/div>\n\t\t\t<\/div>\n\n\t\n\n\t<div id=\"col-2108628854\" class=\"col medium-6 small-12 large-6\"  >\n\t\t<div class=\"col-inner\"  >\n\t\t\t\n\t\t\t\n<p><em><span style=\"font-family: 'times new roman', times, serif; font-size: 105%;\">Luxtinsol c\u00f3 th\u1ec3 kh\u1eb3ng \u0111\u1ecbnh \u0111\u00e2y l\u00e0 1 trong nh\u1eefng d\u1ea1ng d\u00f9 che n\u1eafng l\u1ec7ch t\u00e2m cao c\u1ea5p nh\u1ea5t c\u1ee7a ch\u00fang t\u00f4i tr\u00ean th\u1ecb tr\u01b0\u1eddng Vi\u1ec7t Nam. Ch\u1ea5t li\u1ec7u th\u00e2n v\u00e0 k\u00e8o d\u00f9 \u0111\u01b0\u1ee3c l\u00e0m t\u1eeb nh\u00f4m anod.<\/span><\/em><\/p>\n<p><em><span style=\"font-family: 'times new roman', times, serif; font-size: 105%;\">\u0110\u01b0\u1ee3c thi\u1ebft k\u1ebf l\u1ec7ch t\u00e2m v\u1edbi th\u00e2n \u0111\u01b0\u1ee3c t\u1ea1o ki\u1ec3u c\u00e1ch trong nh\u01b0 ch\u1eef Z, c\u00e0ng t\u1ea1o th\u00eam v\u1ebb sang tr\u1ecdng cho c\u00e2y d\u00f9 khi \u0111\u01b0\u1ee3c \u0111\u1eb7t \u1edf trong s\u00e2n v\u01b0\u1eddn bi\u1ec7t th\u1ef1, hay c\u00e1c s\u00e2n Gofl, kh\u00e1ch s\u1ea1n,&#8230;<\/span><\/em><\/p>\n\t\t<\/div>\n\t\t\t<\/div>\n\n\t\n<\/div>\n\t\t<\/div>\n\n\t\t\n<style>\n#section_1191722920 {\n  padding-top: 30px;\n  padding-bottom: 30px;\n  background-color: rgb(255, 255, 255);\n}\n<\/style>\n\t<\/section>\n\t\n\t<section class=\"section\" id=\"section_2130711193\">\n\t\t<div class=\"bg section-bg fill bg-fill  \" >\n\n\t\t\t\n\t\t\t\n\t\t\t\n\n\t\t<\/div>\n\n\t\t<div class=\"section-content relative\">\n\t\t\t\n<div class=\"text-center\"><div class=\"is-divider divider clearfix\" style=\"max-width:100px;height:4px;background-color:rgb(0, 146, 191);\"><\/div><\/div>\n<p style=\"text-align: center;\"><span style=\"color: #000000;\"><strong><span style=\"font-family: 'times new roman', times, serif; font-size: 110%;\">CH\u1ea4T LI\u1ec6U V\u00c0 T\u00cdNH N\u0102NG<\/span><\/strong><\/span><\/p>\n<div class=\"row align-middle\"  id=\"row-1850375279\">\n\n\t<div id=\"col-1283232097\" class=\"col medium-6 small-12 large-6\"  >\n\t\t<div class=\"col-inner\"  >\n\t\t\t\n\t\t\t\n<p><em><span style=\"font-family: 'times new roman', times, serif; font-size: 105%;\">Tay quay k\u00e9o r\u00f2ng r\u1ecdc c\u1ee7a th\u00e2n d\u00f9 che n\u1eafng \u0111\u01b0\u1ee3c l\u00e0m b\u1eb1ng Inox 316 b\u00f3ng kh\u00f4ng r\u1ec9 s\u00e9t gi\u00fap t\u1ea1o th\u00eam s\u1ef1 ch\u1eafc ch\u1eafc v\u00e0 b\u1ec1n v\u1eefng cho c\u00e2y d\u00f9. C\u00e1c khung n\u1ed1i \u0111\u01b0\u1ee3c s\u01a1n \u0111en m\u1edd.<\/span><\/em><\/p>\n\t\t<\/div>\n\t\t\t<\/div>\n\n\t\n\n\t<div id=\"col-469410065\" class=\"col medium-6 small-12 large-6\"  >\n\t\t<div class=\"col-inner\"  >\n\t\t\t\n\t\t\t\n<div class=\"slider-wrapper relative\" id=\"slider-1511544749\" >\n    <div class=\"slider slider-nav-circle slider-nav-large slider-nav-light slider-style-normal\"\n        data-flickity-options='{\n            \"cellAlign\": \"center\",\n            \"imagesLoaded\": true,\n            \"lazyLoad\": 1,\n            \"freeScroll\": false,\n            \"wrapAround\": true,\n            \"autoPlay\": 6000,\n            \"pauseAutoPlayOnHover\" : true,\n            \"prevNextButtons\": true,\n            \"contain\" : true,\n            \"adaptiveHeight\" : true,\n            \"dragThreshold\" : 10,\n            \"percentPosition\": true,\n            \"pageDots\": true,\n            \"rightToLeft\": false,\n            \"draggable\": true,\n            \"selectedAttraction\": 0.1,\n            \"parallax\" : 0,\n            \"friction\": 0.6        }'\n        >\n        \n\n  <div class=\"banner has-hover\" id=\"banner-124415839\">\n          <div class=\"banner-inner fill\">\n        <div class=\"banner-bg fill\" >\n            <div class=\"bg fill bg-fill \"><\/div>\n                                    \n                    <\/div>\n        <div class=\"banner-layers container\">\n            <div class=\"fill banner-link\"><\/div>            \n        <\/div>\n      <\/div>\n\n            \n<style>\n#banner-124415839 {\n  padding-top: 56.25%;\n}\n#banner-124415839 .bg.bg-loaded {\n  background-image: url(https:\/\/luxtinsol.com\/wp-content\/uploads\/2021\/12\/IMG_0224-1024x576.jpg);\n}\n<\/style>\n  <\/div>\n\n\n\n  <div class=\"banner has-hover\" id=\"banner-267465170\">\n          <div class=\"banner-inner fill\">\n        <div class=\"banner-bg fill\" >\n            <div class=\"bg fill bg-fill \"><\/div>\n                                    \n                    <\/div>\n        <div class=\"banner-layers container\">\n            <div class=\"fill banner-link\"><\/div>            \n        <\/div>\n      <\/div>\n\n            \n<style>\n#banner-267465170 {\n  padding-top: 56.25%;\n}\n#banner-267465170 .bg.bg-loaded {\n  background-image: url(https:\/\/luxtinsol.com\/wp-content\/uploads\/2021\/12\/IMG_0226-1024x576.jpg);\n}\n<\/style>\n  <\/div>\n\n\n\n  <div class=\"banner has-hover\" id=\"banner-1529010734\">\n          <div class=\"banner-inner fill\">\n        <div class=\"banner-bg fill\" >\n            <div class=\"bg fill bg-fill \"><\/div>\n                                    \n                    <\/div>\n        <div class=\"banner-layers container\">\n            <div class=\"fill banner-link\"><\/div>            \n        <\/div>\n      <\/div>\n\n            \n<style>\n#banner-1529010734 {\n  padding-top: 56.25%;\n}\n#banner-1529010734 .bg.bg-loaded {\n  background-image: url(https:\/\/luxtinsol.com\/wp-content\/uploads\/2021\/12\/IMG_0223-1024x576.jpg);\n}\n<\/style>\n  <\/div>\n\n\n     <\/div>\n\n     <div class=\"loading-spin dark large centered\"><\/div>\n\n     <\/div>\n\n\n\t\t<\/div>\n\t\t\t<\/div>\n\n\t\n<\/div>\n<div class=\"text-center\"><div class=\"is-divider divider clearfix\" style=\"margin-top:0.3em;margin-bottom:0.3em;max-width:1050px;background-color:rgb(0, 146, 191);\"><\/div><\/div>\n<div class=\"row align-middle\"  id=\"row-537045080\">\n\n\t<div id=\"col-1372256202\" class=\"col medium-6 small-12 large-6\"  >\n\t\t<div class=\"col-inner\"  >\n\t\t\t\n\t\t\t\n<div class=\"slider-wrapper relative\" id=\"slider-1025460916\" >\n    <div class=\"slider slider-nav-circle slider-nav-large slider-nav-light slider-style-normal\"\n        data-flickity-options='{\n            \"cellAlign\": \"center\",\n            \"imagesLoaded\": true,\n            \"lazyLoad\": 1,\n            \"freeScroll\": false,\n            \"wrapAround\": true,\n            \"autoPlay\": 6000,\n            \"pauseAutoPlayOnHover\" : true,\n            \"prevNextButtons\": true,\n            \"contain\" : true,\n            \"adaptiveHeight\" : true,\n            \"dragThreshold\" : 10,\n            \"percentPosition\": true,\n            \"pageDots\": true,\n            \"rightToLeft\": false,\n            \"draggable\": true,\n            \"selectedAttraction\": 0.1,\n            \"parallax\" : 0,\n            \"friction\": 0.6        }'\n        >\n        \n\n  <div class=\"banner has-hover\" id=\"banner-1082353412\">\n          <div class=\"banner-inner fill\">\n        <div class=\"banner-bg fill\" >\n            <div class=\"bg fill bg-fill \"><\/div>\n                                    \n                    <\/div>\n        <div class=\"banner-layers container\">\n            <div class=\"fill banner-link\"><\/div>            \n        <\/div>\n      <\/div>\n\n            \n<style>\n#banner-1082353412 {\n  padding-top: 56.25%;\n}\n#banner-1082353412 .bg.bg-loaded {\n  background-image: url(https:\/\/luxtinsol.com\/wp-content\/uploads\/2021\/12\/IMG_0233-1024x576.jpg);\n}\n<\/style>\n  <\/div>\n\n\n\n  <div class=\"banner has-hover\" id=\"banner-1360350543\">\n          <div class=\"banner-inner fill\">\n        <div class=\"banner-bg fill\" >\n            <div class=\"bg fill bg-fill \"><\/div>\n                                    \n                    <\/div>\n        <div class=\"banner-layers container\">\n            <div class=\"fill banner-link\"><\/div>            \n        <\/div>\n      <\/div>\n\n            \n<style>\n#banner-1360350543 {\n  padding-top: 56.25%;\n}\n#banner-1360350543 .bg.bg-loaded {\n  background-image: url(https:\/\/luxtinsol.com\/wp-content\/uploads\/2021\/10\/Untitled-1-1-1024x576.jpg);\n}\n<\/style>\n  <\/div>\n\n\n     <\/div>\n\n     <div class=\"loading-spin dark large centered\"><\/div>\n\n     <\/div>\n\n\n\t\t<\/div>\n\t\t\t<\/div>\n\n\t\n\n\t<div id=\"col-308244260\" class=\"col medium-6 small-12 large-6\"  >\n\t\t<div class=\"col-inner\"  >\n\t\t\t\n\t\t\t\n<p><em><span style=\"font-family: 'times new roman', times, serif; font-size: 105%;\">\u1ed4 d\u00f9 v\u00e0 c\u00e1c bas n\u1ed1i th\u00e2n k\u00e8o c\u0169ng \u0111\u01b0\u1ee3c l\u00e0m t\u1eeb Inox 316 b\u00f3ng g\u01b0\u01a1ng, c\u1ef1c k\u1ef3 ch\u1eafc ch\u1eafn v\u00e0 sang tr\u1ecdng.<\/span><\/em><\/p>\n\t\t<\/div>\n\t\t\t<\/div>\n\n\t\n<\/div>\n<div class=\"text-center\"><div class=\"is-divider divider clearfix\" style=\"margin-top:0.3em;margin-bottom:0.3em;max-width:1050px;background-color:rgb(0, 146, 191);\"><\/div><\/div>\n<div class=\"row align-middle\"  id=\"row-1698735878\">\n\n\t<div id=\"col-1248410651\" class=\"col medium-6 small-12 large-6\"  >\n\t\t<div class=\"col-inner\"  >\n\t\t\t\n\t\t\t\n<p><em><span style=\"font-family: 'times new roman', times, serif; font-size: 105%;\">Kh\u00f4ng ch\u1ec9 th\u00e2n d\u00f9, c\u00e1c thanh k\u00e8o c\u1ee7a c\u1ee7a c\u00e2y d\u00f9 c\u0169ng \u0111\u01b0\u1ee3c l\u00e0m t\u1eeb nh\u00f4m anod. V\u1ea3i d\u00f9 \u0111\u01b0\u1ee3c may gia c\u00f4ng th\u00e0nh \u00e1o b\u1eb1ng v\u1ea3i Sunbrella cao c\u1ea5p nh\u1eadp t\u1eeb M\u1ef9.<\/span><\/em><\/p>\n\t\t<\/div>\n\t\t\t<\/div>\n\n\t\n\n\t<div id=\"col-1883720933\" class=\"col medium-6 small-12 large-6\"  >\n\t\t<div class=\"col-inner\"  >\n\t\t\t\n\t\t\t\n<div class=\"slider-wrapper relative\" id=\"slider-486991957\" >\n    <div class=\"slider slider-nav-circle slider-nav-large slider-nav-light slider-style-normal\"\n        data-flickity-options='{\n            \"cellAlign\": \"center\",\n            \"imagesLoaded\": true,\n            \"lazyLoad\": 1,\n            \"freeScroll\": false,\n            \"wrapAround\": true,\n            \"autoPlay\": 6000,\n            \"pauseAutoPlayOnHover\" : true,\n            \"prevNextButtons\": true,\n            \"contain\" : true,\n            \"adaptiveHeight\" : true,\n            \"dragThreshold\" : 10,\n            \"percentPosition\": true,\n            \"pageDots\": true,\n            \"rightToLeft\": false,\n            \"draggable\": true,\n            \"selectedAttraction\": 0.1,\n            \"parallax\" : 0,\n            \"friction\": 0.6        }'\n        >\n        \n\n  <div class=\"banner has-hover\" id=\"banner-158782482\">\n          <div class=\"banner-inner fill\">\n        <div class=\"banner-bg fill\" >\n            <div class=\"bg fill bg-fill \"><\/div>\n                                    \n                    <\/div>\n        <div class=\"banner-layers container\">\n            <div class=\"fill banner-link\"><\/div>            \n        <\/div>\n      <\/div>\n\n            \n<style>\n#banner-158782482 {\n  padding-top: 56.25%;\n}\n#banner-158782482 .bg.bg-loaded {\n  background-image: url(https:\/\/luxtinsol.com\/wp-content\/uploads\/2021\/12\/tumblr_oi2sc92skX1sif8yho1_1280-1024x576.jpg);\n}\n<\/style>\n  <\/div>\n\n\n\n  <div class=\"banner has-hover\" id=\"banner-1863835502\">\n          <div class=\"banner-inner fill\">\n        <div class=\"banner-bg fill\" >\n            <div class=\"bg fill bg-fill \"><\/div>\n                                    \n                    <\/div>\n        <div class=\"banner-layers container\">\n            <div class=\"fill banner-link\"><\/div>            \n        <\/div>\n      <\/div>\n\n            \n<style>\n#banner-1863835502 {\n  padding-top: 56.25%;\n}\n#banner-1863835502 .bg.bg-loaded {\n  background-image: url(https:\/\/luxtinsol.com\/wp-content\/uploads\/2021\/12\/IMG_0233-1-1024x576.jpg);\n}\n<\/style>\n  <\/div>\n\n\n     <\/div>\n\n     <div class=\"loading-spin dark large centered\"><\/div>\n\n     <\/div>\n\n\n\t\t<\/div>\n\t\t\t<\/div>\n\n\t\n<\/div>\n\t\t<\/div>\n\n\t\t\n<style>\n#section_2130711193 {\n  padding-top: 30px;\n  padding-bottom: 30px;\n  background-color: rgb(255,255,255);\n}\n#section_2130711193 .section-bg.bg-loaded {\n  background-image: url(https:\/\/luxtinsol.com\/wp-content\/uploads\/2021\/11\/the-interior-of-the-g021318b54_1280-2.jpg);\n}\n<\/style>\n\t<\/section>\n\t\n\t<section class=\"section\" id=\"section_1320088637\">\n\t\t<div class=\"bg section-bg fill bg-fill  bg-loaded\" >\n\n\t\t\t\n\t\t\t\n\t\t\t\n\n\t\t<\/div>\n\n\t\t<div class=\"section-content relative\">\n\t\t\t\n<div class=\"text-center\"><div class=\"is-divider divider clearfix\" style=\"max-width:100px;height:4px;background-color:rgb(0, 146, 191);\"><\/div><\/div>\n<p style=\"text-align: center;\"><strong><span style=\"font-family: 'times new roman', times, serif; font-size: 110%;\">C\u1ea4C LO\u1ea0I \u0110\u1ebe \u0110I K\u00c8M<\/span><\/strong><\/p>\n<div class=\"row align-center\"  id=\"row-1277199042\">\n\n\t<div id=\"col-1115460973\" class=\"col medium-3 small-6 large-3\"  >\n\t\t<div class=\"col-inner\"  >\n\t\t\t\n\t\t\t\n\n  <div class=\"banner has-hover bg-zoom-fade\" id=\"banner-1040286535\">\n          <div class=\"banner-inner fill\">\n        <div class=\"banner-bg fill\" >\n            <div class=\"bg fill bg-fill \"><\/div>\n                                    \n                    <\/div>\n        <div class=\"banner-layers container\">\n            <a class=\"fill\" href=\"https:\/\/luxtinsol.com\/index.php\/de-du\/\"  ><div class=\"fill banner-link\"><\/div><\/a>            \n        <\/div>\n      <\/div>\n\n            \n<style>\n#banner-1040286535 {\n  padding-top: 99.99%;\n}\n#banner-1040286535 .bg.bg-loaded {\n  background-image: url(https:\/\/luxtinsol.com\/wp-content\/uploads\/2022\/01\/IMG_0032-1024x1024.jpg);\n}\n<\/style>\n  <\/div>\n\n\n\t\t<\/div>\n\t\t\t<\/div>\n\n\t\n\n\t<div id=\"col-692205348\" class=\"col medium-3 small-6 large-3\"  >\n\t\t<div class=\"col-inner\"  >\n\t\t\t\n\t\t\t\n\n  <div class=\"banner has-hover bg-zoom-fade\" id=\"banner-765125484\">\n          <div class=\"banner-inner fill\">\n        <div class=\"banner-bg fill\" >\n            <div class=\"bg fill bg-fill \"><\/div>\n                                    \n                    <\/div>\n        <div class=\"banner-layers container\">\n            <a class=\"fill\" href=\"https:\/\/luxtinsol.com\/index.php\/de-du\/\"  ><div class=\"fill banner-link\"><\/div><\/a>            \n        <\/div>\n      <\/div>\n\n            \n<style>\n#banner-765125484 {\n  padding-top: 99.99%;\n}\n#banner-765125484 .bg.bg-loaded {\n  background-image: url(https:\/\/luxtinsol.com\/wp-content\/uploads\/2021\/12\/IMG_0222-1024x1024.jpg);\n}\n<\/style>\n  <\/div>\n\n\n\t\t<\/div>\n\t\t\t<\/div>\n\n\t\n\n\t<div id=\"col-596270243\" class=\"col medium-3 small-6 large-3\"  >\n\t\t<div class=\"col-inner\"  >\n\t\t\t\n\t\t\t\n\n  <div class=\"banner has-hover bg-zoom-fade\" id=\"banner-484724356\">\n          <div class=\"banner-inner fill\">\n        <div class=\"banner-bg fill\" >\n            <div class=\"bg fill bg-fill \"><\/div>\n                                    \n                    <\/div>\n        <div class=\"banner-layers container\">\n            <a class=\"fill\" href=\"https:\/\/luxtinsol.com\/index.php\/de-du\/\"  ><div class=\"fill banner-link\"><\/div><\/a>            \n        <\/div>\n      <\/div>\n\n            \n<style>\n#banner-484724356 {\n  padding-top: 99.99%;\n}\n#banner-484724356 .bg.bg-loaded {\n  background-image: url(https:\/\/luxtinsol.com\/wp-content\/uploads\/2021\/10\/z2881028425179_c4fdcb18cad1a31cdf51bd39cca00ba0.jpg);\n}\n<\/style>\n  <\/div>\n\n\n\t\t<\/div>\n\t\t\t<\/div>\n\n\t\n<\/div>\n\t\t<\/div>\n\n\t\t\n<style>\n#section_1320088637 {\n  padding-top: 30px;\n  padding-bottom: 30px;\n}\n<\/style>\n\t<\/section>\n\t\n\t<section class=\"section dark\" id=\"section_1998596863\">\n\t\t<div class=\"bg section-bg fill bg-fill  bg-loaded\" >\n\n\t\t\t\n\t\t\t\n\t\t\t\n\n\t\t<\/div>\n\n\t\t<div class=\"section-content relative\">\n\t\t\t\n<div class=\"row row-small\"  id=\"row-1106725185\">\n\n\t<div id=\"col-2022553163\" class=\"col small-12 large-12\"  >\n\t\t<div class=\"col-inner text-center\"  >\n\t\t\t\n\t\t\t\n<div class=\"is-divider divider clearfix\" style=\"max-width:100px;height:4px;background-color:rgb(255, 255, 255);\"><\/div>\n<p><strong><span style=\"font-family: 'times new roman', times, serif; font-size: 110%;\">LI\u00caN H\u1ec6 V\u1edaI CH\u00daNG T\u00d4I<\/span><\/strong><\/p>\n\t\t<\/div>\n\t\t\t<\/div>\n\n\t\n<\/div>\n<div class=\"row\"  id=\"row-469583375\">\n\n\t<div id=\"col-1203750381\" class=\"col medium-3 small-6 large-3\"  >\n\t\t<div class=\"col-inner\"  >\n\t\t\t\n\t\t\t\n\n\t\t<div class=\"icon-box featured-box icon-box-center text-center\"  >\n\t\t\t\t\t<div class=\"icon-box-img\" style=\"width: 60px\">\n\t\t\t\t<div class=\"icon\">\n\t\t\t\t\t<div class=\"icon-inner\" style=\"color:rgb(255, 255, 255);\">\n\t\t\t\t\t\t<img loading=\"lazy\" decoding=\"async\" width=\"300\" height=\"300\" src=\"https:\/\/luxtinsol.com\/wp-content\/uploads\/2022\/01\/info-icon-300x300.png\" class=\"attachment-medium size-medium\" alt=\"\" srcset=\"https:\/\/luxtinsol.com\/wp-content\/uploads\/2022\/01\/info-icon-300x300.png 300w, https:\/\/luxtinsol.com\/wp-content\/uploads\/2022\/01\/info-icon-1024x1024.png 1024w, https:\/\/luxtinsol.com\/wp-content\/uploads\/2022\/01\/info-icon-150x150.png 150w, https:\/\/luxtinsol.com\/wp-content\/uploads\/2022\/01\/info-icon-768x768.png 768w, https:\/\/luxtinsol.com\/wp-content\/uploads\/2022\/01\/info-icon-1536x1536.png 1536w, https:\/\/luxtinsol.com\/wp-content\/uploads\/2022\/01\/info-icon-2048x2048.png 2048w\" sizes=\"auto, (max-width: 300px) 100vw, 300px\" \/>\t\t\t\t\t<\/div>\n\t\t\t\t<\/div>\n\t\t\t<\/div>\n\t\t\t\t<div class=\"icon-box-text last-reset\">\n\t\t\t\t\t\t\t\t\t\n<p><span style=\"font-size: 90%;\"><strong><span style=\"font-family: 'times new roman', times, serif;\">C\u00f4ng ty TNHH SX-TM D\u00f9 Qu\u1ed1c T\u00edn<\/span><\/strong><\/span><\/p>\n<p><span style=\"font-size: 90%;\"><strong><span style=\"font-family: 'times new roman', times, serif;\">MST: 0310880555<\/span><\/strong><\/span><\/p>\n\t\t<\/div>\n\t<\/div>\n\t\n\t\n\t\t<\/div>\n\t\t\t<\/div>\n\n\t\n\n\t<div id=\"col-1519344760\" class=\"col medium-3 small-6 large-3\"  >\n\t\t<div class=\"col-inner\"  >\n\t\t\t\n\t\t\t\n\n\t\t<div class=\"icon-box featured-box icon-box-center text-center\"  >\n\t\t\t\t\t<div class=\"icon-box-img\" style=\"width: 60px\">\n\t\t\t\t<div class=\"icon\">\n\t\t\t\t\t<div class=\"icon-inner\" >\n\t\t\t\t\t\t<img loading=\"lazy\" decoding=\"async\" width=\"120\" height=\"120\" src=\"https:\/\/luxtinsol.com\/wp-content\/uploads\/2021\/10\/mail-line.png\" class=\"attachment-medium size-medium\" alt=\"\" \/>\t\t\t\t\t<\/div>\n\t\t\t\t<\/div>\n\t\t\t<\/div>\n\t\t\t\t<div class=\"icon-box-text last-reset\">\n\t\t\t\t\t\t\t\t\t\n<p style=\"text-align: center;\"><strong><span style=\"font-size: 95%; font-family: 'times new roman', times, serif;\">luxtinsol@gmail.com<\/span><\/strong><\/p>\n\t\t<\/div>\n\t<\/div>\n\t\n\t\n\t\t<\/div>\n\t\t\t<\/div>\n\n\t\n\n\t<div id=\"col-1575823931\" class=\"col medium-3 small-6 large-3\"  >\n\t\t<div class=\"col-inner\"  >\n\t\t\t\n\t\t\t\n\n\t\t<div class=\"icon-box featured-box icon-box-center text-center\"  >\n\t\t\t\t\t<div class=\"icon-box-img\" style=\"width: 60px\">\n\t\t\t\t<div class=\"icon\">\n\t\t\t\t\t<div class=\"icon-inner\" >\n\t\t\t\t\t\t<img loading=\"lazy\" decoding=\"async\" width=\"120\" height=\"120\" src=\"https:\/\/luxtinsol.com\/wp-content\/uploads\/2021\/10\/map-pin-line.png\" class=\"attachment-medium size-medium\" alt=\"\" \/>\t\t\t\t\t<\/div>\n\t\t\t\t<\/div>\n\t\t\t<\/div>\n\t\t\t\t<div class=\"icon-box-text last-reset\">\n\t\t\t\t\t\t\t\t\t\n<p style=\"text-align: center;\"><span style=\"font-size: 95%;\"><strong><span style=\"font-family: 'times new roman', times, serif;\">7\/4A \u0110\u01b0\u1eddng Tr\u1ea7n V\u0103n M\u01b0\u1eddi, Xu\u00e2n Th\u1edbi \u0110\u00f4ng,<\/span><\/strong><\/span><\/p>\n<p style=\"text-align: center;\"><span style=\"font-size: 95%;\"><strong><span style=\"font-family: 'times new roman', times, serif;\">H\u00f3c M\u00f4n, TP. HCM, Vi\u1ec7t Nam<\/span><\/strong><\/span><\/p>\n\t\t<\/div>\n\t<\/div>\n\t\n\t\n\t\t<\/div>\n\t\t\t<\/div>\n\n\t\n\n\t<div id=\"col-852733149\" class=\"col medium-3 small-6 large-3\"  >\n\t\t<div class=\"col-inner\"  >\n\t\t\t\n\t\t\t\n\n\t\t<div class=\"icon-box featured-box icon-box-center text-center\"  >\n\t\t\t\t\t<div class=\"icon-box-img\" style=\"width: 60px\">\n\t\t\t\t<div class=\"icon\">\n\t\t\t\t\t<div class=\"icon-inner\" >\n\t\t\t\t\t\t<img loading=\"lazy\" decoding=\"async\" width=\"120\" height=\"120\" src=\"https:\/\/luxtinsol.com\/wp-content\/uploads\/2021\/10\/phone-line.png\" class=\"attachment-medium size-medium\" alt=\"\" \/>\t\t\t\t\t<\/div>\n\t\t\t\t<\/div>\n\t\t\t<\/div>\n\t\t\t\t<div class=\"icon-box-text last-reset\">\n\t\t\t\t\t\t\t\t\t\n<p style=\"text-align: center;\"><strong><span style=\"font-size: 95%; font-family: 'times new roman', times, serif;\">0902.49.47.49 &#8211; Mr. \u0110i\u1ec7p<\/span><\/strong><\/p>\n\t\t<\/div>\n\t<\/div>\n\t\n\t\n\t\t<\/div>\n\t\t\t<\/div>\n\n\t\n<\/div>\n<div class=\"social-icons follow-icons full-width text-center\" ><a href=\"https:\/\/www.facebook.com\/D%C3%B9-che-n%E1%BA%AFng-Luxtinsol-102570878704399\" target=\"_blank\" data-label=\"Facebook\" rel=\"noopener noreferrer nofollow\" class=\"icon button circle is-outline facebook tooltip\" title=\"Follow on Facebook\"><i class=\"icon-facebook\" ><\/i><\/a><a href=\"http:\/\/www.instagram.com\/luxtinsol\" target=\"_blank\" rel=\"noopener noreferrer nofollow\" data-label=\"Instagram\" class=\"icon button circle is-outline  instagram tooltip\" title=\"Follow on Instagram\"><i class=\"icon-instagram\" ><\/i><\/a><a href=\"mailto:luxtinsol@gmail.com\" data-label=\"E-mail\"  rel=\"nofollow\" class=\"icon button circle is-outline  email tooltip\" title=\"Send us an email\"><i class=\"icon-envelop\" ><\/i><\/a><a href=\"tel:0902494749\" target=\"_blank\"  data-label=\"Phone\"  rel=\"noopener noreferrer nofollow\" class=\"icon button circle is-outline  phone tooltip\" title=\"Call us\"><i class=\"icon-phone\" ><\/i><\/a><a href=\"https:\/\/www.youtube.com\/channel\/UCQzFi-rzS9DU_vnJRI5m5Bg\" target=\"_blank\" rel=\"noopener noreferrer nofollow\" data-label=\"YouTube\" class=\"icon button circle is-outline  youtube tooltip\" title=\"Follow on YouTube\"><i class=\"icon-youtube\" ><\/i><\/a><\/div>\n\t\t<\/div>\n\n\t\t\n<style>\n#section_1998596863 {\n  padding-top: 0px;\n  padding-bottom: 0px;\n  margin-bottom: -56px;\n  background-color: rgb(0, 146, 191);\n}\n<\/style>\n\t<\/section>\n\t\n","protected":false},"excerpt":{"rendered":"","protected":false},"author":1,"featured_media":0,"parent":135,"menu_order":0,"comment_status":"closed","ping_status":"closed","template":"page-blank.php","meta":{"_ti_tpc_template_sync":false,"_ti_tpc_template_id":"","footnotes":""},"class_list":["post-1798","page","type-page","status-publish","hentry"],"_links":{"self":[{"href":"https:\/\/luxtinsol.com\/index.php\/wp-json\/wp\/v2\/pages\/1798","targetHints":{"allow":["GET"]}}],"collection":[{"href":"https:\/\/luxtinsol.com\/index.php\/wp-json\/wp\/v2\/pages"}],"about":[{"href":"https:\/\/luxtinsol.com\/index.php\/wp-json\/wp\/v2\/types\/page"}],"author":[{"embeddable":true,"href":"https:\/\/luxtinsol.com\/index.php\/wp-json\/wp\/v2\/users\/1"}],"replies":[{"embeddable":true,"href":"https:\/\/luxtinsol.com\/index.php\/wp-json\/wp\/v2\/comments?post=1798"}],"version-history":[{"count":21,"href":"https:\/\/luxtinsol.com\/index.php\/wp-json\/wp\/v2\/pages\/1798\/revisions"}],"predecessor-version":[{"id":2872,"href":"https:\/\/luxtinsol.com\/index.php\/wp-json\/wp\/v2\/pages\/1798\/revisions\/2872"}],"up":[{"embeddable":true,"href":"https:\/\/luxtinsol.com\/index.php\/wp-json\/wp\/v2\/pages\/135"}],"wp:attachment":[{"href":"https:\/\/luxtinsol.com\/index.php\/wp-json\/wp\/v2\/media?parent=1798"}],"curies":[{"name":"wp","href":"https:\/\/api.w.org\/{rel}","templated":true}]}}