{"id":1385,"date":"2021-11-02T15:48:03","date_gmt":"2021-11-02T08:48:03","guid":{"rendered":"https:\/\/luxtinsol.com\/?page_id=1385"},"modified":"2025-06-11T09:27:10","modified_gmt":"2025-06-11T02:27:10","slug":"vong-inox","status":"publish","type":"page","link":"https:\/\/luxtinsol.com\/index.php\/san-pham\/vong\/vong-inox\/","title":{"rendered":"V\u00f5ng Inox"},"content":{"rendered":"\t<section class=\"section\" id=\"section_16535442\">\n\t\t<div class=\"bg section-bg fill bg-fill  bg-loaded\" >\n\n\t\t\t\n\t\t\t\n\t\t\t\n\n\t\t<\/div>\n\n\t\t<div class=\"section-content relative\">\n\t\t\t\n<div class=\"row\"  id=\"row-1474104470\">\n\n\t<div id=\"col-54955585\" class=\"col small-12 large-12\"  >\n\t\t<div class=\"col-inner\"  >\n\t\t\t\n\t\t\t\n<div class=\"slider-wrapper relative\" id=\"slider-1088177314\" >\n    <div class=\"slider slider-nav-circle slider-nav-large slider-nav-light slider-style-normal\"\n        data-flickity-options='{\n            \"cellAlign\": \"center\",\n            \"imagesLoaded\": true,\n            \"lazyLoad\": 1,\n            \"freeScroll\": false,\n            \"wrapAround\": true,\n            \"autoPlay\": 6000,\n            \"pauseAutoPlayOnHover\" : true,\n            \"prevNextButtons\": true,\n            \"contain\" : true,\n            \"adaptiveHeight\" : true,\n            \"dragThreshold\" : 10,\n            \"percentPosition\": true,\n            \"pageDots\": true,\n            \"rightToLeft\": false,\n            \"draggable\": true,\n            \"selectedAttraction\": 0.1,\n            \"parallax\" : 0,\n            \"friction\": 0.6        }'\n        >\n        \n     <\/div>\n\n     <div class=\"loading-spin dark large centered\"><\/div>\n\n     <\/div>\n\n\n\t\t<\/div>\n\t\t\t<\/div>\n\n\t\n<\/div>\n<div class=\"text-center\"><div class=\"is-divider divider clearfix\" style=\"max-width:100px;height:4px;background-color:rgb(0, 146, 191);\"><\/div><\/div>\n<p style=\"text-align: center;\"><strong><span style=\"font-family: 'times new roman', times, serif; font-size: 110%;\">V\u00d5NG INOX CAO C\u1ea4P<\/span><\/strong><\/p>\n<div class=\"row align-middle\"  id=\"row-719348168\">\n\n\t<div id=\"col-1991779530\" class=\"col medium-6 small-12 large-6\"  >\n\t\t<div class=\"col-inner\"  >\n\t\t\t\n\t\t\t\n<div class=\"slider-wrapper relative\" id=\"slider-428227859\" >\n    <div class=\"slider slider-nav-circle slider-nav-large slider-nav-light slider-style-normal\"\n        data-flickity-options='{\n            \"cellAlign\": \"center\",\n            \"imagesLoaded\": true,\n            \"lazyLoad\": 1,\n            \"freeScroll\": false,\n            \"wrapAround\": true,\n            \"autoPlay\": 4500,\n            \"pauseAutoPlayOnHover\" : true,\n            \"prevNextButtons\": true,\n            \"contain\" : true,\n            \"adaptiveHeight\" : true,\n            \"dragThreshold\" : 10,\n            \"percentPosition\": true,\n            \"pageDots\": true,\n            \"rightToLeft\": false,\n            \"draggable\": true,\n            \"selectedAttraction\": 0.1,\n            \"parallax\" : 0,\n            \"friction\": 0.6        }'\n        >\n        \n\n  <div class=\"banner has-hover\" id=\"banner-1339651568\">\n          <div class=\"banner-inner fill\">\n        <div class=\"banner-bg fill\" >\n            <div class=\"bg fill bg-fill \"><\/div>\n                                    \n                    <\/div>\n        <div class=\"banner-layers container\">\n            <div class=\"fill banner-link\"><\/div>            \n        <\/div>\n      <\/div>\n\n            \n<style>\n#banner-1339651568 {\n  padding-top: 56.25%;\n}\n#banner-1339651568 .bg.bg-loaded {\n  background-image: url(https:\/\/luxtinsol.com\/wp-content\/uploads\/2023\/03\/ADSCN0779a-1-1024x1024.jpg);\n}\n<\/style>\n  <\/div>\n\n\n\n  <div class=\"banner has-hover\" id=\"banner-1254701957\">\n          <div class=\"banner-inner fill\">\n        <div class=\"banner-bg fill\" >\n            <div class=\"bg fill bg-fill \"><\/div>\n                                    \n                    <\/div>\n        <div class=\"banner-layers container\">\n            <div class=\"fill banner-link\"><\/div>            \n        <\/div>\n      <\/div>\n\n            \n<style>\n#banner-1254701957 {\n  padding-top: 99.99%;\n}\n#banner-1254701957 .bg.bg-loaded {\n  background-image: url(https:\/\/luxtinsol.com\/wp-content\/uploads\/2023\/03\/DSCN0768a-1024x683.jpg);\n}\n<\/style>\n  <\/div>\n\n\n     <\/div>\n\n     <div class=\"loading-spin dark large centered\"><\/div>\n\n     <\/div>\n\n\n\t\t<\/div>\n\t\t\t<\/div>\n\n\t\n\n\t<div id=\"col-849391384\" class=\"col medium-6 small-12 large-6\"  >\n\t\t<div class=\"col-inner\"  >\n\t\t\t\n\t\t\t\n<p><em><span style=\"font-family: 'times new roman', times, serif; font-size: 105%;\">V\u00f5ng cao c\u1ea5p\u00a0 Luxtinsol \u0111\u01b0\u1ee3c thi\u1ebft k\u1ebf nh\u1eb1m ph\u1ee5c v\u1ee5 kh\u00e1ch h\u00e0ng tr\u1ea3i nghi\u1ec7m t\u1eadn h\u01b0\u1edfng th\u1eddi gian du l\u1ecbch ngh\u1ec9 d\u01b0\u1ee1ng c\u1ee7a b\u1ea3n th\u00e2n \u1edf c\u00e1c khu ngh\u1ec9 d\u01b0\u1ee1ng Resort, b\u00e3i bi\u1ec5n, h\u1ed3 b\u01a1i v\u00f4 c\u1ef1c, s\u00e2n v\u01b0\u1eddn bi\u1ec7t th\u1ef1 ho\u1eb7c th\u1eadm ch\u00ed trong nh\u00e0,&#8230; gi\u00fap cho kh\u00f4ng gian c\u00e0ng tr\u1edf n\u00ean sang tr\u1ecdng v\u00e0 \u0111\u1eb3ng c\u1ea5p h\u01a1n.<\/span><\/em><\/p>\n<p><em><span style=\"font-family: 'times new roman', times, serif; font-size: 105%;\">Ch\u1ea5t li\u1ec7u v\u00f5ng b\u1eb1ng Inox 304 \u0111\u00e1nh b\u00f3ng ho\u1eb7c s\u01a1n v\u00e2n g\u1ed7 ho\u1eb7c si m\u1ea1 \u0111\u1ec3 kh\u00e1ch c\u00f3 nhi\u1ec1u s\u1ef1 l\u1ef1a ch\u1ecdn.<\/span><\/em><\/p>\n\t\t<\/div>\n\t\t\t<\/div>\n\n\t\n<\/div>\n\t\t<\/div>\n\n\t\t\n<style>\n#section_16535442 {\n  padding-top: 30px;\n  padding-bottom: 30px;\n  background-color: rgb(255,255,255);\n}\n<\/style>\n\t<\/section>\n\t\n\t<section class=\"section\" id=\"section_1403730693\">\n\t\t<div class=\"bg section-bg fill bg-fill  \" >\n\n\t\t\t\n\t\t\t\n\t\t\t\n\n\t\t<\/div>\n\n\t\t<div class=\"section-content relative\">\n\t\t\t\n<div class=\"text-center\"><div class=\"is-divider divider clearfix\" style=\"max-width:100px;height:4px;background-color:rgb(0, 146, 191);\"><\/div><\/div>\n<p style=\"text-align: center;\"><strong><span style=\"font-family: 'times new roman', times, serif; font-size: 110%;\">CH\u1ea4T LI\u1ec6U V\u00c0 T\u00cdNH N\u0102NG<\/span><\/strong><\/p>\n<div class=\"row align-middle\"  id=\"row-746205115\">\n\n\t<div id=\"col-180989676\" class=\"col medium-6 small-12 large-6\"  >\n\t\t<div class=\"col-inner\"  >\n\t\t\t\n\t\t\t\n<p><em><span style=\"font-family: 'times new roman', times, serif; font-size: 105%;\">Khung v\u00f5ng \u0111\u01b0\u1ee3c l\u00e0m b\u1eb1ng Inox 304 n\u00ean v\u00f4 c\u00f9ng ch\u1eafc ch\u1eafn, t\u1ea3i tr\u1ecdng l\u00ean \u0111\u1ebfn 300kg.<\/span><\/em><\/p>\n\t\t<\/div>\n\t\t\t<\/div>\n\n\t\n\n\t<div id=\"col-651751253\" class=\"col medium-6 small-12 large-6\"  >\n\t\t<div class=\"col-inner\"  >\n\t\t\t\n\t\t\t\n<div class=\"slider-wrapper relative\" id=\"slider-1718932163\" >\n    <div class=\"slider slider-nav-circle slider-nav-large slider-nav-light slider-style-normal\"\n        data-flickity-options='{\n            \"cellAlign\": \"center\",\n            \"imagesLoaded\": true,\n            \"lazyLoad\": 1,\n            \"freeScroll\": false,\n            \"wrapAround\": true,\n            \"autoPlay\": 4500,\n            \"pauseAutoPlayOnHover\" : true,\n            \"prevNextButtons\": true,\n            \"contain\" : true,\n            \"adaptiveHeight\" : true,\n            \"dragThreshold\" : 10,\n            \"percentPosition\": true,\n            \"pageDots\": true,\n            \"rightToLeft\": false,\n            \"draggable\": true,\n            \"selectedAttraction\": 0.1,\n            \"parallax\" : 0,\n            \"friction\": 0.6        }'\n        >\n        \n\n  <div class=\"banner has-hover\" id=\"banner-153187162\">\n          <div class=\"banner-inner fill\">\n        <div class=\"banner-bg fill\" >\n            <div class=\"bg fill bg-fill \"><\/div>\n                                    \n                    <\/div>\n        <div class=\"banner-layers container\">\n            <div class=\"fill banner-link\"><\/div>            \n        <\/div>\n      <\/div>\n\n            \n<style>\n#banner-153187162 {\n  padding-top: 67%;\n}\n#banner-153187162 .bg.bg-loaded {\n  background-image: url(https:\/\/luxtinsol.com\/wp-content\/uploads\/2023\/03\/DSCN0754a-1024x683.jpg);\n}\n<\/style>\n  <\/div>\n\n\n\n  <div class=\"banner has-hover\" id=\"banner-490811280\">\n          <div class=\"banner-inner fill\">\n        <div class=\"banner-bg fill\" >\n            <div class=\"bg fill bg-fill \"><\/div>\n                                    \n                    <\/div>\n        <div class=\"banner-layers container\">\n            <div class=\"fill banner-link\"><\/div>            \n        <\/div>\n      <\/div>\n\n            \n<style>\n#banner-490811280 {\n  padding-top: 68%;\n}\n#banner-490811280 .bg.bg-loaded {\n  background-image: url(https:\/\/luxtinsol.com\/wp-content\/uploads\/2023\/03\/ZDSCN0773a-1024x683.jpg);\n}\n<\/style>\n  <\/div>\n\n\n     <\/div>\n\n     <div class=\"loading-spin dark large centered\"><\/div>\n\n     <\/div>\n\n\n\t\t<\/div>\n\t\t\t<\/div>\n\n\t\n<\/div>\n<div class=\"text-center\"><div class=\"is-divider divider clearfix\" style=\"margin-top:0.3em;margin-bottom:0.3em;max-width:1050px;background-color:rgb(0, 146, 191);\"><\/div><\/div>\n<div class=\"row align-middle\"  id=\"row-2009254265\">\n\n\t<div id=\"col-1713192695\" class=\"col medium-6 small-12 large-6\"  >\n\t\t<div class=\"col-inner\"  >\n\t\t\t\n\t\t\t\n<div class=\"slider-wrapper relative\" id=\"slider-1268858107\" >\n    <div class=\"slider slider-nav-circle slider-nav-large slider-nav-light slider-style-normal\"\n        data-flickity-options='{\n            \"cellAlign\": \"center\",\n            \"imagesLoaded\": true,\n            \"lazyLoad\": 1,\n            \"freeScroll\": false,\n            \"wrapAround\": true,\n            \"autoPlay\": 4500,\n            \"pauseAutoPlayOnHover\" : true,\n            \"prevNextButtons\": true,\n            \"contain\" : true,\n            \"adaptiveHeight\" : true,\n            \"dragThreshold\" : 10,\n            \"percentPosition\": true,\n            \"pageDots\": true,\n            \"rightToLeft\": false,\n            \"draggable\": true,\n            \"selectedAttraction\": 0.1,\n            \"parallax\" : 0,\n            \"friction\": 0.6        }'\n        >\n        \n\n  <div class=\"banner has-hover\" id=\"banner-1400489642\">\n          <div class=\"banner-inner fill\">\n        <div class=\"banner-bg fill\" >\n            <div class=\"bg fill bg-fill \"><\/div>\n                                    \n                    <\/div>\n        <div class=\"banner-layers container\">\n            <div class=\"fill banner-link\"><\/div>            \n        <\/div>\n      <\/div>\n\n            \n<style>\n#banner-1400489642 {\n  padding-top: 56.25%;\n}\n#banner-1400489642 .bg.bg-loaded {\n  background-image: url(https:\/\/luxtinsol.com\/wp-content\/uploads\/2023\/03\/DSCN0780a-1024x768.jpg);\n}\n#banner-1400489642 .bg {\n  background-position: 0% 100%;\n}\n<\/style>\n  <\/div>\n\n\n\n  <div class=\"banner has-hover\" id=\"banner-2096546958\">\n          <div class=\"banner-inner fill\">\n        <div class=\"banner-bg fill\" >\n            <div class=\"bg fill bg-fill \"><\/div>\n                                    \n                    <\/div>\n        <div class=\"banner-layers container\">\n            <div class=\"fill banner-link\"><\/div>            \n        <\/div>\n      <\/div>\n\n            \n<style>\n#banner-2096546958 {\n  padding-top: 56.25%;\n}\n#banner-2096546958 .bg.bg-loaded {\n  background-image: url(https:\/\/luxtinsol.com\/wp-content\/uploads\/2021\/11\/IMG_3433-1024x576.jpg);\n}\n#banner-2096546958 .bg {\n  background-position: 0% 100%;\n}\n<\/style>\n  <\/div>\n\n\n     <\/div>\n\n     <div class=\"loading-spin dark large centered\"><\/div>\n\n     <\/div>\n\n\n\t\t<\/div>\n\t\t\t<\/div>\n\n\t\n\n\t<div id=\"col-1180490305\" class=\"col medium-6 small-12 large-6\"  >\n\t\t<div class=\"col-inner\"  >\n\t\t\t\n\t\t\t\n<p><em><span style=\"font-family: 'times new roman', times, serif; font-size: 105%;\">D\u00e2y s\u1ee3i v\u00e0 v\u1ea3i \u0111\u01b0\u1ee3c may gia c\u00f4ng t\u1eeb v\u1ea3i Sunbrella cao c\u1ea5p nh\u1eadp t\u1eeb M\u1ef9.<\/span><\/em><\/p>\n\t\t<\/div>\n\t\t\t<\/div>\n\n\t\n<\/div>\n<div class=\"text-center\"><div class=\"is-divider divider clearfix\" style=\"max-width:100px;height:4px;background-color:rgb(0, 146, 191);\"><\/div><\/div>\n<div class=\"row\"  id=\"row-1659465868\">\n\n\t<div id=\"col-1303561321\" class=\"col small-12 large-12\"  >\n\t\t<div class=\"col-inner\"  >\n\t\t\t\n\t\t\t\n<p style=\"text-align: center;\"><strong><span style=\"font-family: 'times new roman', times, serif; font-size: 110%;\">K\u00cdCH TH\u01af\u1edaC<\/span><\/strong><\/p>\n\t\t<\/div>\n\t\t\t<\/div>\n\n\t\n<\/div>\n<div class=\"row\"  id=\"row-1339832335\">\n\n\t<div id=\"col-721645664\" class=\"col small-12 large-12\"  >\n\t\t<div class=\"col-inner\"  >\n\t\t\t\n\t\t\t\n<p style=\"text-align: center;\"><span style=\"font-family: 'times new roman', times, serif; font-size: 105%;\"><em>L: 4200mm x W: 1500mm x H: 1000mm<br \/>\n\u1ed0ng Inox 304 b\u00f3ng\/ s\u01a1n v\u00e2n g\u1ed7 \u00d860x2mm<br \/>\n\u00c1o v\u00f5ng D2500mm x W1200mm<br \/>\nT\u1ea3i tr\u1ecdng: 300kg<br \/>\nB\u1ea3o h\u00e0nh khung 10 n\u0103m<\/em><\/span><\/p>\n\t\t<\/div>\n\t\t\t<\/div>\n\n\t\n<\/div>\n\t\t<\/div>\n\n\t\t\n<style>\n#section_1403730693 {\n  padding-top: 30px;\n  padding-bottom: 30px;\n  background-color: rgb(255,255,255);\n}\n#section_1403730693 .section-bg.bg-loaded {\n  background-image: url(https:\/\/luxtinsol.com\/wp-content\/uploads\/2021\/11\/the-interior-of-the-g021318b54_1280-2.jpg);\n}\n<\/style>\n\t<\/section>\n\t\n\t<section class=\"section dark\" id=\"section_1180104934\">\n\t\t<div class=\"bg section-bg fill bg-fill  bg-loaded\" >\n\n\t\t\t\n\t\t\t\n\t\t\t\n\n\t\t<\/div>\n\n\t\t<div class=\"section-content relative\">\n\t\t\t\n<div class=\"row row-small\"  id=\"row-887774042\">\n\n\t<div id=\"col-264896256\" class=\"col small-12 large-12\"  >\n\t\t<div class=\"col-inner text-center\"  >\n\t\t\t\n\t\t\t\n<div class=\"is-divider divider clearfix\" style=\"max-width:100px;height:4px;background-color:rgb(255, 255, 255);\"><\/div>\n<p><strong><span style=\"font-family: 'times new roman', times, serif; font-size: 110%;\">LI\u00caN H\u1ec6 V\u1edaI CH\u00daNG T\u00d4I<\/span><\/strong><\/p>\n\t\t<\/div>\n\t\t\t<\/div>\n\n\t\n<\/div>\n<div class=\"row\"  id=\"row-842666704\">\n\n\t<div id=\"col-1288243854\" class=\"col medium-3 small-6 large-3\"  >\n\t\t<div class=\"col-inner\"  >\n\t\t\t\n\t\t\t\n\n\t\t<div class=\"icon-box featured-box icon-box-center text-center\"  >\n\t\t\t\t\t<div class=\"icon-box-img\" style=\"width: 60px\">\n\t\t\t\t<div class=\"icon\">\n\t\t\t\t\t<div class=\"icon-inner\" style=\"color:rgb(255, 255, 255);\">\n\t\t\t\t\t\t<img loading=\"lazy\" decoding=\"async\" width=\"300\" height=\"300\" src=\"https:\/\/luxtinsol.com\/wp-content\/uploads\/2022\/01\/info-icon-300x300.png\" class=\"attachment-medium size-medium\" alt=\"\" srcset=\"https:\/\/luxtinsol.com\/wp-content\/uploads\/2022\/01\/info-icon-300x300.png 300w, https:\/\/luxtinsol.com\/wp-content\/uploads\/2022\/01\/info-icon-1024x1024.png 1024w, https:\/\/luxtinsol.com\/wp-content\/uploads\/2022\/01\/info-icon-150x150.png 150w, https:\/\/luxtinsol.com\/wp-content\/uploads\/2022\/01\/info-icon-768x768.png 768w, https:\/\/luxtinsol.com\/wp-content\/uploads\/2022\/01\/info-icon-1536x1536.png 1536w, https:\/\/luxtinsol.com\/wp-content\/uploads\/2022\/01\/info-icon-2048x2048.png 2048w\" sizes=\"auto, (max-width: 300px) 100vw, 300px\" \/>\t\t\t\t\t<\/div>\n\t\t\t\t<\/div>\n\t\t\t<\/div>\n\t\t\t\t<div class=\"icon-box-text last-reset\">\n\t\t\t\t\t\t\t\t\t\n<p><span style=\"font-size: 90%;\"><strong><span style=\"font-family: 'times new roman', times, serif;\">C\u00f4ng ty TNHH SX-TM D\u00f9 Qu\u1ed1c T\u00edn<\/span><\/strong><\/span><\/p>\n<p><span style=\"font-size: 90%;\"><strong><span style=\"font-family: 'times new roman', times, serif;\">MST: 0310880555<\/span><\/strong><\/span><\/p>\n\t\t<\/div>\n\t<\/div>\n\t\n\t\n\t\t<\/div>\n\t\t\t<\/div>\n\n\t\n\n\t<div id=\"col-1100038050\" class=\"col medium-3 small-6 large-3\"  >\n\t\t<div class=\"col-inner\"  >\n\t\t\t\n\t\t\t\n\n\t\t<div class=\"icon-box featured-box icon-box-center text-center\"  >\n\t\t\t\t\t<div class=\"icon-box-img\" style=\"width: 60px\">\n\t\t\t\t<div class=\"icon\">\n\t\t\t\t\t<div class=\"icon-inner\" >\n\t\t\t\t\t\t<img loading=\"lazy\" decoding=\"async\" width=\"120\" height=\"120\" src=\"https:\/\/luxtinsol.com\/wp-content\/uploads\/2021\/10\/mail-line.png\" class=\"attachment-medium size-medium\" alt=\"\" \/>\t\t\t\t\t<\/div>\n\t\t\t\t<\/div>\n\t\t\t<\/div>\n\t\t\t\t<div class=\"icon-box-text last-reset\">\n\t\t\t\t\t\t\t\t\t\n<p style=\"text-align: center;\"><strong><span style=\"font-size: 95%; font-family: 'times new roman', times, serif;\">luxtinsol@gmail.com<\/span><\/strong><\/p>\n\t\t<\/div>\n\t<\/div>\n\t\n\t\n\t\t<\/div>\n\t\t\t<\/div>\n\n\t\n\n\t<div id=\"col-1673628434\" class=\"col medium-3 small-6 large-3\"  >\n\t\t<div class=\"col-inner\"  >\n\t\t\t\n\t\t\t\n\n\t\t<div class=\"icon-box featured-box icon-box-center text-center\"  >\n\t\t\t\t\t<div class=\"icon-box-img\" style=\"width: 60px\">\n\t\t\t\t<div class=\"icon\">\n\t\t\t\t\t<div class=\"icon-inner\" >\n\t\t\t\t\t\t<img loading=\"lazy\" decoding=\"async\" width=\"120\" height=\"120\" src=\"https:\/\/luxtinsol.com\/wp-content\/uploads\/2021\/10\/map-pin-line.png\" class=\"attachment-medium size-medium\" alt=\"\" \/>\t\t\t\t\t<\/div>\n\t\t\t\t<\/div>\n\t\t\t<\/div>\n\t\t\t\t<div class=\"icon-box-text last-reset\">\n\t\t\t\t\t\t\t\t\t\n<p style=\"text-align: center;\"><span style=\"font-size: 95%;\"><strong><span style=\"font-family: 'times new roman', times, serif;\">7\/4A \u0110\u01b0\u1eddng Tr\u1ea7n V\u0103n M\u01b0\u1eddi, Xu\u00e2n Th\u1edbi \u0110\u00f4ng,<\/span><\/strong><\/span><\/p>\n<p style=\"text-align: center;\"><span style=\"font-size: 95%;\"><strong><span style=\"font-family: 'times new roman', times, serif;\">H\u00f3c M\u00f4n, TP. HCM, Vi\u1ec7t Nam<\/span><\/strong><\/span><\/p>\n\t\t<\/div>\n\t<\/div>\n\t\n\t\n\t\t<\/div>\n\t\t\t<\/div>\n\n\t\n\n\t<div id=\"col-1955753067\" class=\"col medium-3 small-6 large-3\"  >\n\t\t<div class=\"col-inner\"  >\n\t\t\t\n\t\t\t\n\n\t\t<div class=\"icon-box featured-box icon-box-center text-center\"  >\n\t\t\t\t\t<div class=\"icon-box-img\" style=\"width: 60px\">\n\t\t\t\t<div class=\"icon\">\n\t\t\t\t\t<div class=\"icon-inner\" >\n\t\t\t\t\t\t<img loading=\"lazy\" decoding=\"async\" width=\"120\" height=\"120\" src=\"https:\/\/luxtinsol.com\/wp-content\/uploads\/2021\/10\/phone-line.png\" class=\"attachment-medium size-medium\" alt=\"\" \/>\t\t\t\t\t<\/div>\n\t\t\t\t<\/div>\n\t\t\t<\/div>\n\t\t\t\t<div class=\"icon-box-text last-reset\">\n\t\t\t\t\t\t\t\t\t\n<p style=\"text-align: center;\"><strong><span style=\"font-size: 95%; font-family: 'times new roman', times, serif;\">0902.49.47.49 &#8211; Mr. \u0110i\u1ec7p<\/span><\/strong><\/p>\n\t\t<\/div>\n\t<\/div>\n\t\n\t\n\t\t<\/div>\n\t\t\t<\/div>\n\n\t\n<\/div>\n<div class=\"social-icons follow-icons full-width text-center\" ><a href=\"https:\/\/www.facebook.com\/D%C3%B9-che-n%E1%BA%AFng-Luxtinsol-102570878704399\" target=\"_blank\" data-label=\"Facebook\" rel=\"noopener noreferrer nofollow\" class=\"icon button circle is-outline facebook tooltip\" title=\"Follow on Facebook\"><i class=\"icon-facebook\" ><\/i><\/a><a href=\"http:\/\/www.instagram.com\/luxtinsol\" target=\"_blank\" rel=\"noopener noreferrer nofollow\" data-label=\"Instagram\" class=\"icon button circle is-outline  instagram tooltip\" title=\"Follow on Instagram\"><i class=\"icon-instagram\" ><\/i><\/a><a href=\"mailto:luxtinsol@gmail.com\" data-label=\"E-mail\"  rel=\"nofollow\" class=\"icon button circle is-outline  email tooltip\" title=\"Send us an email\"><i class=\"icon-envelop\" ><\/i><\/a><a href=\"tel:0902494749\" target=\"_blank\"  data-label=\"Phone\"  rel=\"noopener noreferrer nofollow\" class=\"icon button circle is-outline  phone tooltip\" title=\"Call us\"><i class=\"icon-phone\" ><\/i><\/a><a href=\"https:\/\/www.youtube.com\/channel\/UCQzFi-rzS9DU_vnJRI5m5Bg\" target=\"_blank\" rel=\"noopener noreferrer nofollow\" data-label=\"YouTube\" class=\"icon button circle is-outline  youtube tooltip\" title=\"Follow on YouTube\"><i class=\"icon-youtube\" ><\/i><\/a><\/div>\n\t\t<\/div>\n\n\t\t\n<style>\n#section_1180104934 {\n  padding-top: 0px;\n  padding-bottom: 0px;\n  margin-bottom: -56px;\n  background-color: rgb(0, 146, 191);\n}\n<\/style>\n\t<\/section>\n\t\n","protected":false},"excerpt":{"rendered":"","protected":false},"author":1,"featured_media":0,"parent":2639,"menu_order":0,"comment_status":"closed","ping_status":"closed","template":"page-blank.php","meta":{"_ti_tpc_template_sync":false,"_ti_tpc_template_id":"","footnotes":""},"class_list":["post-1385","page","type-page","status-publish","hentry"],"_links":{"self":[{"href":"https:\/\/luxtinsol.com\/index.php\/wp-json\/wp\/v2\/pages\/1385","targetHints":{"allow":["GET"]}}],"collection":[{"href":"https:\/\/luxtinsol.com\/index.php\/wp-json\/wp\/v2\/pages"}],"about":[{"href":"https:\/\/luxtinsol.com\/index.php\/wp-json\/wp\/v2\/types\/page"}],"author":[{"embeddable":true,"href":"https:\/\/luxtinsol.com\/index.php\/wp-json\/wp\/v2\/users\/1"}],"replies":[{"embeddable":true,"href":"https:\/\/luxtinsol.com\/index.php\/wp-json\/wp\/v2\/comments?post=1385"}],"version-history":[{"count":35,"href":"https:\/\/luxtinsol.com\/index.php\/wp-json\/wp\/v2\/pages\/1385\/revisions"}],"predecessor-version":[{"id":2857,"href":"https:\/\/luxtinsol.com\/index.php\/wp-json\/wp\/v2\/pages\/1385\/revisions\/2857"}],"up":[{"embeddable":true,"href":"https:\/\/luxtinsol.com\/index.php\/wp-json\/wp\/v2\/pages\/2639"}],"wp:attachment":[{"href":"https:\/\/luxtinsol.com\/index.php\/wp-json\/wp\/v2\/media?parent=1385"}],"curies":[{"name":"wp","href":"https:\/\/api.w.org\/{rel}","templated":true}]}}